{"id":107,"date":"2017-03-05T21:31:28","date_gmt":"2017-03-05T20:31:28","guid":{"rendered":"http:\/\/bw-kreativ.de\/wordpress\/?page_id=107"},"modified":"2017-07-02T14:03:48","modified_gmt":"2017-07-02T13:03:48","slug":"neufi-wellness","status":"publish","type":"page","link":"http:\/\/bw-kreativ.de\/wordpress\/neufi-wellness\/","title":{"rendered":"Neufi-Wellness"},"content":{"rendered":"<p><strong>So ein Moorbad das ist lustig&#8230;so ein Moorbad das ist&#8230;.<\/strong><\/p>\n<p><strong>Wir sind wieder mal in unserem \u00fcblichen 1.Mai Kurzurlaub im sch\u00f6nen Ammerland und heute ist ein Ausflug an die Nordsee geplant:<\/strong><\/p>\n<p>Wir sind da Rike, wir sind dahaaa!!! Ich rieche Wasser, Juhuuuu!!!<br \/>\nLooooos Frauchen, schwing die Hufe, schneller, Du bist zu langsam, viel zu langsam!!<\/p>\n<p><em>Man, man, man, Flanna zieh doch das Frauchen nicht so durch die Gegend. Du wei\u00dft ja eh nicht wo es langgeht!!<\/em><\/p>\n<p>Na und ob ich das weiss, immer Richtung Wasser \u2026.*keuch* \u2026 Richtung Wasser sagte ich, Frauchen&#8230;*hechel*&#8230;.<br \/>\n<img loading=\"lazy\" decoding=\"async\" class=\"alignnone wp-image-108\" src=\"http:\/\/bw-kreativ.de\/wordpress\/wp-content\/uploads\/word-image.jpeg\" width=\"280\" height=\"186\" srcset=\"http:\/\/bw-kreativ.de\/wordpress\/wp-content\/uploads\/word-image.jpeg 3008w, http:\/\/bw-kreativ.de\/wordpress\/wp-content\/uploads\/word-image-300x199.jpeg 300w, http:\/\/bw-kreativ.de\/wordpress\/wp-content\/uploads\/word-image-768x511.jpeg 768w, http:\/\/bw-kreativ.de\/wordpress\/wp-content\/uploads\/word-image-1024x681.jpeg 1024w, http:\/\/bw-kreativ.de\/wordpress\/wp-content\/uploads\/word-image-800x532.jpeg 800w\" sizes=\"auto, (max-width: 280px) 100vw, 280px\" \/>\u00a0 \u00a0\u00a0 \u00a0<img loading=\"lazy\" decoding=\"async\" class=\"wp-image-109 alignnone\" src=\"http:\/\/bw-kreativ.de\/wordpress\/wp-content\/uploads\/word-image-1.jpeg\" width=\"281\" height=\"187\" srcset=\"http:\/\/bw-kreativ.de\/wordpress\/wp-content\/uploads\/word-image-1.jpeg 3008w, http:\/\/bw-kreativ.de\/wordpress\/wp-content\/uploads\/word-image-1-300x199.jpeg 300w, http:\/\/bw-kreativ.de\/wordpress\/wp-content\/uploads\/word-image-1-768x511.jpeg 768w, http:\/\/bw-kreativ.de\/wordpress\/wp-content\/uploads\/word-image-1-1024x681.jpeg 1024w, http:\/\/bw-kreativ.de\/wordpress\/wp-content\/uploads\/word-image-1-800x532.jpeg 800w\" sizes=\"auto, (max-width: 281px) 100vw, 281px\" \/><\/p>\n<p>Na endlich Strippe ab!!! Nun aber los!!!<br \/>\nHey Rike&#8230;&#8230;Kumpels&#8230;&#8230;.wo wollt ihr denn hin???? Das ist doch nur Wasser!!!<br \/>\nIch habe was viel Besseres gefunden!! So wartet doch, hier gibt es Hundewellness!!!!<\/p>\n<p>Hallooohooo!!!<\/p>\n<p>Dann eben nicht!!! Gehe ich halt alleine, riecht gut, dunkel genug, ein letzter Blick Richtung Frauchen uuuuund hinein ins Vergn\u00fcgen!!!<br \/>\n<img loading=\"lazy\" decoding=\"async\" class=\"wp-image-110\" src=\"http:\/\/bw-kreativ.de\/wordpress\/wp-content\/uploads\/word-image-2.jpeg\" width=\"252\" height=\"168\" srcset=\"http:\/\/bw-kreativ.de\/wordpress\/wp-content\/uploads\/word-image-2.jpeg 800w, http:\/\/bw-kreativ.de\/wordpress\/wp-content\/uploads\/word-image-2-300x200.jpeg 300w, http:\/\/bw-kreativ.de\/wordpress\/wp-content\/uploads\/word-image-2-768x511.jpeg 768w\" sizes=\"auto, (max-width: 252px) 100vw, 252px\" \/>\u00a0 \u00a0 \u00a0 \u00a0\u00a0<img loading=\"lazy\" decoding=\"async\" class=\"wp-image-111\" src=\"http:\/\/bw-kreativ.de\/wordpress\/wp-content\/uploads\/word-image-3.jpeg\" width=\"251\" height=\"166\" srcset=\"http:\/\/bw-kreativ.de\/wordpress\/wp-content\/uploads\/word-image-3.jpeg 800w, http:\/\/bw-kreativ.de\/wordpress\/wp-content\/uploads\/word-image-3-300x200.jpeg 300w, http:\/\/bw-kreativ.de\/wordpress\/wp-content\/uploads\/word-image-3-768x511.jpeg 768w\" sizes=\"auto, (max-width: 251px) 100vw, 251px\" \/><br \/>\nFrauchen quietscht vor Vergn\u00fcgen. Klasse, so muss das sein! Nun kommt sie auch noch angerannt, die will sicher auch noch ein Wellnessbad, hihi!<\/p>\n<p><strong>Flanna Du Ferkel raus da und sofort ab zu den Anderen ins Wasser aber marsch, ganz schnell!!<\/strong><img loading=\"lazy\" decoding=\"async\" class=\"wp-image-112 aligncenter\" src=\"http:\/\/bw-kreativ.de\/wordpress\/wp-content\/uploads\/word-image-4.jpeg\" width=\"308\" height=\"205\" srcset=\"http:\/\/bw-kreativ.de\/wordpress\/wp-content\/uploads\/word-image-4.jpeg 800w, http:\/\/bw-kreativ.de\/wordpress\/wp-content\/uploads\/word-image-4-300x200.jpeg 300w, http:\/\/bw-kreativ.de\/wordpress\/wp-content\/uploads\/word-image-4-768x511.jpeg 768w\" sizes=\"auto, (max-width: 308px) 100vw, 308px\" \/><\/p>\n<p>Wieso ist denn Frauchen so w\u00fctend??? Verstehe ich nicht. Vielleicht, weil sie mit ihren \u00dcberziehfellen nicht auch Wellness machen kann?<br \/>\nNa ja gehe ich eben zu den anderen, hab eh Durst!<br \/>\n<img loading=\"lazy\" decoding=\"async\" class=\"wp-image-113\" src=\"http:\/\/bw-kreativ.de\/wordpress\/wp-content\/uploads\/word-image-5.jpeg\" width=\"269\" height=\"179\" srcset=\"http:\/\/bw-kreativ.de\/wordpress\/wp-content\/uploads\/word-image-5.jpeg 3008w, http:\/\/bw-kreativ.de\/wordpress\/wp-content\/uploads\/word-image-5-300x199.jpeg 300w, http:\/\/bw-kreativ.de\/wordpress\/wp-content\/uploads\/word-image-5-768x511.jpeg 768w, http:\/\/bw-kreativ.de\/wordpress\/wp-content\/uploads\/word-image-5-1024x681.jpeg 1024w, http:\/\/bw-kreativ.de\/wordpress\/wp-content\/uploads\/word-image-5-800x532.jpeg 800w\" sizes=\"auto, (max-width: 269px) 100vw, 269px\" \/>\u00a0 \u00a0 \u00a0 \u00a0 \u00a0\u00a0<img loading=\"lazy\" decoding=\"async\" class=\"wp-image-114\" src=\"http:\/\/bw-kreativ.de\/wordpress\/wp-content\/uploads\/word-image-6.jpeg\" width=\"268\" height=\"178\" srcset=\"http:\/\/bw-kreativ.de\/wordpress\/wp-content\/uploads\/word-image-6.jpeg 3008w, http:\/\/bw-kreativ.de\/wordpress\/wp-content\/uploads\/word-image-6-300x199.jpeg 300w, http:\/\/bw-kreativ.de\/wordpress\/wp-content\/uploads\/word-image-6-768x511.jpeg 768w, http:\/\/bw-kreativ.de\/wordpress\/wp-content\/uploads\/word-image-6-1024x681.jpeg 1024w, http:\/\/bw-kreativ.de\/wordpress\/wp-content\/uploads\/word-image-6-800x532.jpeg 800w\" sizes=\"auto, (max-width: 268px) 100vw, 268px\" \/><\/p>\n<p>Wow, das ist ja mal wirklich ein grosser Pool, ich kann nicht mal ein Ende sehen, soweit das Auge reicht Wasser!! Das ist ja klasse, hier bleibe ich!!<\/p>\n<p><em>Das ist kein Pool Flanna, das ist das Meer!!! Das ist immer so gross \u2026&#8230;.. puuuuh stinkst Du!!!<\/em><\/p>\n<p>Nein ich stinke nicht, ich rieche h\u00f6chstens nach Wellness!!<br \/>\nAaaah jetzt ein k\u00fchler Schluck&#8230;*schlapp, schlapp \u2026.spuck, speuz * \u2026 w\u00e4\u00e4\u00e4\u00e4\u00e4h ist das eklig!!!<br \/>\nDas schmeckt *spuck* scheu\u00dflich, das Wasser ist ja kaputt, schnell raus bevor ich mir mein ganzes Fell ruiniere!!<\/p>\n<p><em>Hahahahahaha \u2026&#8230;.. Flanna Du Hohlkopf, das ist Meerwasser, das schmeckt immer so und das kann man eben nicht trinken hihihi!!!<br \/>\n<\/em><img loading=\"lazy\" decoding=\"async\" class=\"wp-image-115\" src=\"http:\/\/bw-kreativ.de\/wordpress\/wp-content\/uploads\/word-image-7.jpeg\" width=\"269\" height=\"179\" srcset=\"http:\/\/bw-kreativ.de\/wordpress\/wp-content\/uploads\/word-image-7.jpeg 3008w, http:\/\/bw-kreativ.de\/wordpress\/wp-content\/uploads\/word-image-7-300x199.jpeg 300w, http:\/\/bw-kreativ.de\/wordpress\/wp-content\/uploads\/word-image-7-768x511.jpeg 768w, http:\/\/bw-kreativ.de\/wordpress\/wp-content\/uploads\/word-image-7-1024x681.jpeg 1024w, http:\/\/bw-kreativ.de\/wordpress\/wp-content\/uploads\/word-image-7-800x532.jpeg 800w\" sizes=\"auto, (max-width: 269px) 100vw, 269px\" \/>\u00a0 \u00a0 \u00a0 \u00a0\u00a0<img loading=\"lazy\" decoding=\"async\" class=\"wp-image-116\" src=\"http:\/\/bw-kreativ.de\/wordpress\/wp-content\/uploads\/word-image-8.jpeg\" width=\"269\" height=\"179\" srcset=\"http:\/\/bw-kreativ.de\/wordpress\/wp-content\/uploads\/word-image-8.jpeg 3008w, http:\/\/bw-kreativ.de\/wordpress\/wp-content\/uploads\/word-image-8-300x199.jpeg 300w, http:\/\/bw-kreativ.de\/wordpress\/wp-content\/uploads\/word-image-8-768x511.jpeg 768w, http:\/\/bw-kreativ.de\/wordpress\/wp-content\/uploads\/word-image-8-1024x681.jpeg 1024w, http:\/\/bw-kreativ.de\/wordpress\/wp-content\/uploads\/word-image-8-800x532.jpeg 800w\" sizes=\"auto, (max-width: 269px) 100vw, 269px\" \/><br \/>\nWie ich soll da wieder rein??? Neeee, keine Lust in dieses kaputte Wasser gehe ich nicht mehr. Guck mal, selbst die B\u00e4lle l\u00f6sen sich darin auf! Der gelbe hier ist schon ganz matsche!! Ich will keine Ganzk\u00f6rperglatze und da rein gehe ich nur, wenn ich nachher gleich wieder an mein Wellnessloch kann!!!<\/p>\n<p>\u00c4\u00e4\u00e4h Herrchen warum machst Du jetzt bei mir die Strippe an??? Das ist voll gemein, die anderen sind auch ohne!\u00a0Ich soll duschen??? Wieso???<\/p>\n<p>Weil ich ein schlammiger, stinkender Neufi bin??? Finde ich nicht, riecht doch nicht so schlimm und das bisschen Schlamm trocknet und dann \u2026&#8230;&#8230; iiiiiiiiiih neiiiiiiin nicht, da kommt ja wirklich Wasser von oben, aber Herrchen Du duschst mit, ganz klar hahaha!<\/p>\n<p>&nbsp;<\/p>\n<p><em><strong>Anderntags:<\/strong><\/em><\/p>\n<p><em>Das hast Du nun davon<\/em> <em>Flanna, nun fahren wir nicht mehr ans Meer, sondern m\u00fcssen hier im Waldsee baden, Menno!!! Dabei war das da so sch\u00f6n und die anderen Hundekumpels waren auch ganz Klasse!!<\/em><\/p>\n<p>Ach Rike, sei nicht traurig, hier ist doch auch sch\u00f6n und ausserdem kann man dieses Wasser wenigstens trinken!!!<br \/>\n<img loading=\"lazy\" decoding=\"async\" class=\"wp-image-117\" src=\"http:\/\/bw-kreativ.de\/wordpress\/wp-content\/uploads\/word-image-9.jpeg\" width=\"269\" height=\"179\" srcset=\"http:\/\/bw-kreativ.de\/wordpress\/wp-content\/uploads\/word-image-9.jpeg 3008w, http:\/\/bw-kreativ.de\/wordpress\/wp-content\/uploads\/word-image-9-300x199.jpeg 300w, http:\/\/bw-kreativ.de\/wordpress\/wp-content\/uploads\/word-image-9-768x511.jpeg 768w, http:\/\/bw-kreativ.de\/wordpress\/wp-content\/uploads\/word-image-9-1024x681.jpeg 1024w, http:\/\/bw-kreativ.de\/wordpress\/wp-content\/uploads\/word-image-9-800x532.jpeg 800w\" sizes=\"auto, (max-width: 269px) 100vw, 269px\" \/>\u00a0 \u00a0 \u00a0 \u00a0 \u00a0 \u00a0 \u00a0 \u00a0<img loading=\"lazy\" decoding=\"async\" class=\"wp-image-118\" src=\"http:\/\/bw-kreativ.de\/wordpress\/wp-content\/uploads\/word-image-10.jpeg\" width=\"269\" height=\"179\" srcset=\"http:\/\/bw-kreativ.de\/wordpress\/wp-content\/uploads\/word-image-10.jpeg 3008w, http:\/\/bw-kreativ.de\/wordpress\/wp-content\/uploads\/word-image-10-300x199.jpeg 300w, http:\/\/bw-kreativ.de\/wordpress\/wp-content\/uploads\/word-image-10-768x511.jpeg 768w, http:\/\/bw-kreativ.de\/wordpress\/wp-content\/uploads\/word-image-10-1024x681.jpeg 1024w, http:\/\/bw-kreativ.de\/wordpress\/wp-content\/uploads\/word-image-10-800x532.jpeg 800w\" sizes=\"auto, (max-width: 269px) 100vw, 269px\" \/>Guck mal, Herrchen hat sogar dein Schwimmteil dabei!!!<\/p>\n<p><em>Oh, jaaaaaa!!!\u00a0<\/em><em>Wetten Du kommst mir immer noch nicht hinterher????<\/em><img loading=\"lazy\" decoding=\"async\" class=\"wp-image-119\" src=\"http:\/\/bw-kreativ.de\/wordpress\/wp-content\/uploads\/word-image-11.jpeg\" width=\"269\" height=\"179\" srcset=\"http:\/\/bw-kreativ.de\/wordpress\/wp-content\/uploads\/word-image-11.jpeg 3008w, http:\/\/bw-kreativ.de\/wordpress\/wp-content\/uploads\/word-image-11-300x199.jpeg 300w, http:\/\/bw-kreativ.de\/wordpress\/wp-content\/uploads\/word-image-11-768x511.jpeg 768w, http:\/\/bw-kreativ.de\/wordpress\/wp-content\/uploads\/word-image-11-1024x681.jpeg 1024w, http:\/\/bw-kreativ.de\/wordpress\/wp-content\/uploads\/word-image-11-800x532.jpeg 800w\" sizes=\"auto, (max-width: 269px) 100vw, 269px\" \/>\u00a0 \u00a0 \u00a0 \u00a0 \u00a0 \u00a0 \u00a0<img loading=\"lazy\" decoding=\"async\" class=\"wp-image-120\" src=\"http:\/\/bw-kreativ.de\/wordpress\/wp-content\/uploads\/word-image-12.jpeg\" width=\"269\" height=\"179\" srcset=\"http:\/\/bw-kreativ.de\/wordpress\/wp-content\/uploads\/word-image-12.jpeg 3008w, http:\/\/bw-kreativ.de\/wordpress\/wp-content\/uploads\/word-image-12-300x199.jpeg 300w, http:\/\/bw-kreativ.de\/wordpress\/wp-content\/uploads\/word-image-12-768x511.jpeg 768w, http:\/\/bw-kreativ.de\/wordpress\/wp-content\/uploads\/word-image-12-1024x681.jpeg 1024w, http:\/\/bw-kreativ.de\/wordpress\/wp-content\/uploads\/word-image-12-800x532.jpeg 800w\" sizes=\"auto, (max-width: 269px) 100vw, 269px\" \/><\/p>\n<p>Wetten schon!!! Gleich habe ich dich!!!<br \/>\n<strong><br \/>\n<em>Am letzten Abend:<\/em><\/strong><\/p>\n<p>Ach Rike, Ferien sind sch\u00f6n oder???<\/p>\n<p><em>Ja und die 2Beiner sind auch so richtig entspannt und haben so richtig viel Zeit f\u00fcr uns!<\/em><img loading=\"lazy\" decoding=\"async\" class=\"wp-image-121\" src=\"http:\/\/bw-kreativ.de\/wordpress\/wp-content\/uploads\/word-image-13.jpeg\" width=\"269\" height=\"179\" srcset=\"http:\/\/bw-kreativ.de\/wordpress\/wp-content\/uploads\/word-image-13.jpeg 3008w, http:\/\/bw-kreativ.de\/wordpress\/wp-content\/uploads\/word-image-13-300x199.jpeg 300w, http:\/\/bw-kreativ.de\/wordpress\/wp-content\/uploads\/word-image-13-768x511.jpeg 768w, http:\/\/bw-kreativ.de\/wordpress\/wp-content\/uploads\/word-image-13-1024x681.jpeg 1024w, http:\/\/bw-kreativ.de\/wordpress\/wp-content\/uploads\/word-image-13-800x532.jpeg 800w\" sizes=\"auto, (max-width: 269px) 100vw, 269px\" \/>\u00a0 \u00a0 \u00a0 \u00a0 \u00a0 \u00a0 \u00a0 \u00a0\u00a0<img loading=\"lazy\" decoding=\"async\" class=\"wp-image-122\" src=\"http:\/\/bw-kreativ.de\/wordpress\/wp-content\/uploads\/word-image-14.jpeg\" width=\"269\" height=\"179\" srcset=\"http:\/\/bw-kreativ.de\/wordpress\/wp-content\/uploads\/word-image-14.jpeg 3008w, http:\/\/bw-kreativ.de\/wordpress\/wp-content\/uploads\/word-image-14-300x199.jpeg 300w, http:\/\/bw-kreativ.de\/wordpress\/wp-content\/uploads\/word-image-14-768x511.jpeg 768w, http:\/\/bw-kreativ.de\/wordpress\/wp-content\/uploads\/word-image-14-1024x681.jpeg 1024w, http:\/\/bw-kreativ.de\/wordpress\/wp-content\/uploads\/word-image-14-800x532.jpeg 800w\" sizes=\"auto, (max-width: 269px) 100vw, 269px\" \/><em>Schade, dass wir Morgen schon wieder Nachhause m\u00fcssen!!<\/em><\/p>\n<p>Nicht ganz Rike, Morgen ist doch das Treffen bei meiner Mama und meinem Papa wie jedes Jahr, ich freue mich schon riesig drauf!!<br \/>\nOh maaan bin ich *g\u00e4\u00e4\u00e4\u00e4hn* m\u00fcde.<\/p>\n<p><em>Wei\u00dft Du was Flanna? \u2026&#8230;&#8230;&#8230; Eigentlich haben wir es schon gut getroffen, die besten 2Beiner der Welt und Du bist auch schwer in Ordnung Flanna \u2026&#8230;&#8230;Flanna???<br \/>\nOh jetzt ist sie doch glatt eingeschlafen, ein Engel&#8230;*kichert*&#8230;wenn sie schl\u00e4ft!<\/em><\/p>\n<p><em>\u00dcbrigens, ich liebe diese kleine G\u00f6re, auch wenn sie immer noch so viele Flausen im Kopf hat *kicher* aber nicht weitersagen ja? Danke!<\/em><\/p>\n","protected":false},"excerpt":{"rendered":"<p>So ein Moorbad das ist lustig&#8230;so ein Moorbad das ist&#8230;. Wir sind wieder mal in unserem \u00fcblichen 1.Mai Kurzurlaub im sch\u00f6nen Ammerland und heute ist ein Ausflug an die Nordsee geplant: Wir sind da Rike, wir sind dahaaa!!! Ich rieche Wasser, Juhuuuu!!! Looooos Frauchen, schwing die Hufe, schneller, Du bist zu langsam, viel zu langsam!! &hellip; <a href=\"http:\/\/bw-kreativ.de\/wordpress\/neufi-wellness\/\" class=\"more-link\"><span class=\"screen-reader-text\">Neufi-Wellness<\/span> weiterlesen <span class=\"meta-nav\">&rarr;<\/span><\/a><\/p>\n","protected":false},"author":1,"featured_media":0,"parent":0,"menu_order":0,"comment_status":"open","ping_status":"closed","template":"","meta":{"footnotes":""},"class_list":["post-107","page","type-page","status-publish","hentry"],"yoast_head":"<!-- This site is optimized with the Yoast SEO plugin v24.6 - https:\/\/yoast.com\/wordpress\/plugins\/seo\/ -->\n<title>Neufi-Wellness - Kurzgebell 2.0<\/title>\n<meta name=\"robots\" content=\"index, follow, max-snippet:-1, max-image-preview:large, max-video-preview:-1\" \/>\n<link rel=\"canonical\" href=\"http:\/\/bw-kreativ.de\/wordpress\/neufi-wellness\/\" \/>\n<script type=\"application\/ld+json\" class=\"yoast-schema-graph\">{\"@context\":\"https:\/\/schema.org\",\"@graph\":[{\"@type\":\"BreadcrumbList\",\"@id\":\"http:\/\/bw-kreativ.de\/wordpress\/neufi-wellness\/#breadcrumb\",\"itemListElement\":[{\"@type\":\"ListItem\",\"position\":1,\"name\":\"Startseite\",\"item\":\"http:\/\/bw-kreativ.de\/wordpress\/\"},{\"@type\":\"ListItem\",\"position\":2,\"name\":\"Neufi-Wellness\"}]}]}<\/script>\n<!-- \/ Yoast SEO plugin. -->","yoast_head_json":{"title":"Neufi-Wellness - Kurzgebell 2.0","robots":{"index":"index","follow":"follow","max-snippet":"max-snippet:-1","max-image-preview":"max-image-preview:large","max-video-preview":"max-video-preview:-1"},"canonical":"http:\/\/bw-kreativ.de\/wordpress\/neufi-wellness\/","schema":{"@context":"https:\/\/schema.org","@graph":[{"@type":"BreadcrumbList","@id":"http:\/\/bw-kreativ.de\/wordpress\/neufi-wellness\/#breadcrumb","itemListElement":[{"@type":"ListItem","position":1,"name":"Startseite","item":"http:\/\/bw-kreativ.de\/wordpress\/"},{"@type":"ListItem","position":2,"name":"Neufi-Wellness"}]}]}},"_links":{"self":[{"href":"http:\/\/bw-kreativ.de\/wordpress\/wp-json\/wp\/v2\/pages\/107","targetHints":{"allow":["GET"]}}],"collection":[{"href":"http:\/\/bw-kreativ.de\/wordpress\/wp-json\/wp\/v2\/pages"}],"about":[{"href":"http:\/\/bw-kreativ.de\/wordpress\/wp-json\/wp\/v2\/types\/page"}],"author":[{"embeddable":true,"href":"http:\/\/bw-kreativ.de\/wordpress\/wp-json\/wp\/v2\/users\/1"}],"replies":[{"embeddable":true,"href":"http:\/\/bw-kreativ.de\/wordpress\/wp-json\/wp\/v2\/comments?post=107"}],"version-history":[{"count":6,"href":"http:\/\/bw-kreativ.de\/wordpress\/wp-json\/wp\/v2\/pages\/107\/revisions"}],"predecessor-version":[{"id":123,"href":"http:\/\/bw-kreativ.de\/wordpress\/wp-json\/wp\/v2\/pages\/107\/revisions\/123"}],"wp:attachment":[{"href":"http:\/\/bw-kreativ.de\/wordpress\/wp-json\/wp\/v2\/media?parent=107"}],"curies":[{"name":"wp","href":"https:\/\/api.w.org\/{rel}","templated":true}]}}