{"id":16,"date":"2014-09-06T13:23:44","date_gmt":"2014-09-06T11:23:44","guid":{"rendered":"http:\/\/2fellnasen.wordpress.com\/?page_id=10"},"modified":"2023-03-12T15:23:37","modified_gmt":"2023-03-12T14:23:37","slug":"startseite","status":"publish","type":"page","link":"http:\/\/bw-kreativ.de\/wordpress\/","title":{"rendered":"Startseite"},"content":{"rendered":"\n<p><\/p>\n\n\n\n<h6 class=\"has-text-align-center has-red-color has-text-color wp-block-heading\">Erweiterter Shop: Ob Brandmalerei, Welpen- und G\u00f6rliflausen  oder einiges mehr. Ein Besuch in unserem Webshop lohnt sich immer!<\/h6>\n\n\n\n<h6 class=\"has-text-align-center wp-block-heading\"><br><a href=\"http:\/\/shop.2fellnasen.de\/\" target=\"_blank\" rel=\"noreferrer noopener\">http:\/\/shop.2fellnasen.de<\/a><\/h6>\n\n\n\n<h4 class=\"has-text-align-center wp-block-heading\"><br>2Fellnasen 2.0<\/h4>\n\n\n\n<p>Nachdem wir Flanna leider \u00fcber die RBB gehen lassen mussten hat sich bei den 2Fellnasen einiges grundlegendes ge\u00e4ndert.<\/p>\n\n\n\n<p>Zu der Euch ja schon bekannten Abby vom Kirschgrund hat sich nunmehr ein Berner Sennenhund hinzugesellt. Wir stellen vor: Candy vom Rabenhof, geboren am 09.11.2021 hat jetzt unserem Rudel erg\u00e4nzt.<\/p>\n\n\n<div class=\"wp-block-image\">\n<figure class=\"alignleft size-full is-resized\"><a href=\"http:\/\/bw-kreativ.de\/wordpress\/wp-content\/uploads\/Abby.jpg\"><img loading=\"lazy\" decoding=\"async\" src=\"http:\/\/bw-kreativ.de\/wordpress\/wp-content\/uploads\/Abby.jpg\" alt=\"\" class=\"wp-image-463\" width=\"278\" height=\"278\" srcset=\"http:\/\/bw-kreativ.de\/wordpress\/wp-content\/uploads\/Abby.jpg 720w, http:\/\/bw-kreativ.de\/wordpress\/wp-content\/uploads\/Abby-300x300.jpg 300w, http:\/\/bw-kreativ.de\/wordpress\/wp-content\/uploads\/Abby-150x150.jpg 150w\" sizes=\"auto, (max-width: 278px) 100vw, 278px\" \/><\/a><figcaption class=\"wp-element-caption\">Abby<\/figcaption><\/figure><\/div>\n\n<div class=\"wp-block-image\">\n<figure class=\"alignright size-full is-resized\"><a href=\"http:\/\/bw-kreativ.de\/wordpress\/wp-content\/uploads\/CandyAkt.jpg\"><img loading=\"lazy\" decoding=\"async\" src=\"http:\/\/bw-kreativ.de\/wordpress\/wp-content\/uploads\/CandyAkt.jpg\" alt=\"\" class=\"wp-image-462\" width=\"281\" height=\"281\" srcset=\"http:\/\/bw-kreativ.de\/wordpress\/wp-content\/uploads\/CandyAkt.jpg 720w, http:\/\/bw-kreativ.de\/wordpress\/wp-content\/uploads\/CandyAkt-300x300.jpg 300w, http:\/\/bw-kreativ.de\/wordpress\/wp-content\/uploads\/CandyAkt-150x150.jpg 150w\" sizes=\"auto, (max-width: 281px) 100vw, 281px\" \/><\/a><figcaption class=\"wp-element-caption\">Candy<\/figcaption><\/figure><\/div>\n\n<h4>\u00a0<\/h4>\n<h6 style=\"text-align: center;\"><span style=\"color: #ff0000;\">Welpenflausen &amp; G\u00f6rliflausen wieder verf\u00fcgbar:<\/span><br \/><a href=\"http:\/\/shop.2fellnasen.de\/\" target=\"_blank\" rel=\"noopener noreferrer\">http:\/\/shop.2fellnasen.de<\/a><\/h6>\n<h6 style=\"text-align: center;\"><strong><span style=\"color: #ff0000;\">Shirts, Tassen und mehr:<br \/><a href=\"https:\/\/shop.spreadshirt.de\/2fellnasen\/\">https:\/\/shop.spreadshirt.de\/2fellnasen<\/a><\/span><\/strong><\/h6>\n<h6 style=\"text-align: center;\"><strong>Unter &#8222;Urlaubstipps&#8220; findet Ihr unsere selbst getesteten Urlaubsempfehlungen<\/strong><\/h6>\n<p style=\"text-align: center;\"><b>Abby B\u00e4r, formally known as Wolltroll und Candy Zwergl begr\u00fc\u00dfen Euch beim<\/b><br \/><b>Kurzgebell der 2 Fellnasen 2.0. Nat\u00fcrlich trefft ihr hier auch noch Rike Neuberner und die Old Lady Flanna.<\/b><\/p>\n<p>Willkommen in unserer neue virtuellen Hundeh\u00fctte. Ausgestattet wird diese mit<\/p>\n<p>&#8211; Infos \u00fcber uns<br \/>&#8211;\u00a0Geschichten von, mit und \u00fcber uns<br \/>&#8211; Erinnerungen an unsere Vorg\u00e4ngerinnen<br \/>&#8211; Urlaubs- und Reisetips<br \/>&#8211; unseren Webshop<br \/>&#8230; und was uns sonst noch so einf\u00e4llt<\/p>\n<p>Wer neugierig ist oder Erinnerungen an die Anf\u00e4nge von Flanna &amp; Rike\u00a0 auffrischen m\u00f6chte findet hier auch noch unseren alten Blog:<br \/><a title=\"hier klicken und auf den alten Blog gehen\" href=\"http:\/\/2fellnasen.blogspot.com\/\" target=\"_blank\" rel=\"noopener noreferrer\">http:\/\/2fellnasen.blogspot.com\/<\/a><\/p>\n\n\n<p><\/p>\n\n\n\n<figure class=\"wp-block-gallery has-nested-images columns-default is-cropped wp-block-gallery-1 is-layout-flex wp-block-gallery-is-layout-flex\"><\/figure>\n","protected":false},"excerpt":{"rendered":"<p>Erweiterter Shop: Ob Brandmalerei, Welpen- und G\u00f6rliflausen oder einiges mehr. Ein Besuch in unserem Webshop lohnt sich immer! http:\/\/shop.2fellnasen.de 2Fellnasen 2.0 Nachdem wir Flanna leider \u00fcber die RBB gehen lassen mussten hat sich bei den 2Fellnasen einiges grundlegendes ge\u00e4ndert. Zu der Euch ja schon bekannten Abby vom Kirschgrund hat sich nunmehr ein Berner Sennenhund hinzugesellt. &hellip; <a href=\"http:\/\/bw-kreativ.de\/wordpress\/\" class=\"more-link\"><span class=\"screen-reader-text\">Startseite<\/span> weiterlesen <span class=\"meta-nav\">&rarr;<\/span><\/a><\/p>\n","protected":false},"author":1,"featured_media":465,"parent":0,"menu_order":0,"comment_status":"open","ping_status":"open","template":"","meta":{"footnotes":""},"class_list":["post-16","page","type-page","status-publish","has-post-thumbnail","hentry"],"yoast_head":"<!-- This site is optimized with the Yoast SEO plugin v24.6 - https:\/\/yoast.com\/wordpress\/plugins\/seo\/ -->\n<title>Startseite - Kurzgebell 2.0<\/title>\n<meta name=\"robots\" content=\"index, follow, max-snippet:-1, max-image-preview:large, max-video-preview:-1\" \/>\n<link rel=\"canonical\" href=\"http:\/\/bw-kreativ.de\/wordpress\/\" \/>\n<script type=\"application\/ld+json\" class=\"yoast-schema-graph\">{\"@context\":\"https:\/\/schema.org\",\"@graph\":[{\"@type\":\"BreadcrumbList\",\"@id\":\"http:\/\/bw-kreativ.de\/wordpress\/#breadcrumb\",\"itemListElement\":[{\"@type\":\"ListItem\",\"position\":1,\"name\":\"Startseite\",\"item\":\"http:\/\/bw-kreativ.de\/wordpress\/\"},{\"@type\":\"ListItem\",\"position\":2,\"name\":\"Startseite\"}]}]}<\/script>\n<!-- \/ Yoast SEO plugin. -->","yoast_head_json":{"title":"Startseite - Kurzgebell 2.0","robots":{"index":"index","follow":"follow","max-snippet":"max-snippet:-1","max-image-preview":"max-image-preview:large","max-video-preview":"max-video-preview:-1"},"canonical":"http:\/\/bw-kreativ.de\/wordpress\/","schema":{"@context":"https:\/\/schema.org","@graph":[{"@type":"BreadcrumbList","@id":"http:\/\/bw-kreativ.de\/wordpress\/#breadcrumb","itemListElement":[{"@type":"ListItem","position":1,"name":"Startseite","item":"http:\/\/bw-kreativ.de\/wordpress\/"},{"@type":"ListItem","position":2,"name":"Startseite"}]}]}},"_links":{"self":[{"href":"http:\/\/bw-kreativ.de\/wordpress\/wp-json\/wp\/v2\/pages\/16","targetHints":{"allow":["GET"]}}],"collection":[{"href":"http:\/\/bw-kreativ.de\/wordpress\/wp-json\/wp\/v2\/pages"}],"about":[{"href":"http:\/\/bw-kreativ.de\/wordpress\/wp-json\/wp\/v2\/types\/page"}],"author":[{"embeddable":true,"href":"http:\/\/bw-kreativ.de\/wordpress\/wp-json\/wp\/v2\/users\/1"}],"replies":[{"embeddable":true,"href":"http:\/\/bw-kreativ.de\/wordpress\/wp-json\/wp\/v2\/comments?post=16"}],"version-history":[{"count":25,"href":"http:\/\/bw-kreativ.de\/wordpress\/wp-json\/wp\/v2\/pages\/16\/revisions"}],"predecessor-version":[{"id":470,"href":"http:\/\/bw-kreativ.de\/wordpress\/wp-json\/wp\/v2\/pages\/16\/revisions\/470"}],"wp:featuredmedia":[{"embeddable":true,"href":"http:\/\/bw-kreativ.de\/wordpress\/wp-json\/wp\/v2\/media\/465"}],"wp:attachment":[{"href":"http:\/\/bw-kreativ.de\/wordpress\/wp-json\/wp\/v2\/media?parent=16"}],"curies":[{"name":"wp","href":"https:\/\/api.w.org\/{rel}","templated":true}]}}