{"id":168,"date":"2017-04-04T18:48:18","date_gmt":"2017-04-04T17:48:18","guid":{"rendered":"http:\/\/bw-kreativ.de\/wordpress\/?page_id=168"},"modified":"2017-04-04T19:19:48","modified_gmt":"2017-04-04T18:19:48","slug":"nachbarn-mit-schoenheitssalon","status":"publish","type":"page","link":"http:\/\/bw-kreativ.de\/wordpress\/nachbarn-mit-schoenheitssalon\/","title":{"rendered":"Nachbarn mit Sch\u00f6nheitssalon"},"content":{"rendered":"<p><span style=\"color: #993300;\">Du Rike, nun ist es ein Jahr her seit Winni und Jule neben uns eingezogen sind, da\u00a0k\u00f6nnten wir doch mal von ihnen berichten, oder? <\/span><br \/>\nIst das so wichtig? *g\u00e4\u00e4\u00e4\u00e4hnt* Sind halt Neue!!<br \/>\n<span style=\"color: #993300;\">Also ich finde schon, Du wei\u00dft doch, Winni ist mein Kumpel! Und sein Frauchen ist auch ganz klasse! <\/span><br \/>\nJa ist ganz ok!<br \/>\n<span style=\"color: #993300;\">Ganz ok!!! *guckt entr\u00fcstet* Du freust Dich jedes Mal einen Ast, wenn sie kommt um mit uns spazieren zu gehen, wenn Herrchen nicht da ist!! <\/span><br \/>\nJaaaaa hast ja recht Flanna, aber das gebe ich jetzt nur ungerne zu, will ja Herrchen nicht entt\u00e4uschen, bin doch sein Papahund!!<\/p>\n<p><img loading=\"lazy\" decoding=\"async\" class=\"wp-image-169\" src=\"http:\/\/bw-kreativ.de\/wordpress\/wp-content\/uploads\/word-image-19.jpeg\" width=\"238\" height=\"187\" srcset=\"http:\/\/bw-kreativ.de\/wordpress\/wp-content\/uploads\/word-image-19.jpeg 450w, http:\/\/bw-kreativ.de\/wordpress\/wp-content\/uploads\/word-image-19-300x235.jpeg 300w\" sizes=\"auto, (max-width: 238px) 100vw, 238px\" \/> <img loading=\"lazy\" decoding=\"async\" class=\"wp-image-170\" src=\"http:\/\/bw-kreativ.de\/wordpress\/wp-content\/uploads\/word-image-20.jpeg\" width=\"224\" height=\"298\" srcset=\"http:\/\/bw-kreativ.de\/wordpress\/wp-content\/uploads\/word-image-20.jpeg 720w, http:\/\/bw-kreativ.de\/wordpress\/wp-content\/uploads\/word-image-20-225x300.jpeg 225w\" sizes=\"auto, (max-width: 224px) 100vw, 224px\" \/><\/p>\n<p>Ja aber Winni und Jule sind voll Ok auch wenn mich die kleine Jule noch als Monster sieht und Schiss vor mir hat *grinst*<br \/>\n<span style=\"color: #993300;\">Ha, da bist Du wohl selber schuld Du Monster!!! Kaum gehen wir mal zu viert laufen musst Du die Kleine auch als erstes anblaffen \u2026\u2026.. MONSTER!! <\/span><br \/>\nSorry ist mir so rausgerutscht!! Hihi<br \/>\n<span style=\"color: #993300;\">Ja ja, klar doch, h\u00e4ttest Dich sonst daran verschluckt, oder was??!<\/span><\/p>\n<p><img loading=\"lazy\" decoding=\"async\" class=\"wp-image-171\" src=\"http:\/\/bw-kreativ.de\/wordpress\/wp-content\/uploads\/word-image-21.jpeg\" width=\"300\" height=\"200\" srcset=\"http:\/\/bw-kreativ.de\/wordpress\/wp-content\/uploads\/word-image-21.jpeg 703w, http:\/\/bw-kreativ.de\/wordpress\/wp-content\/uploads\/word-image-21-300x200.jpeg 300w\" sizes=\"auto, (max-width: 300px) 100vw, 300px\" \/><img loading=\"lazy\" decoding=\"async\" class=\"wp-image-172\" src=\"http:\/\/bw-kreativ.de\/wordpress\/wp-content\/uploads\/word-image-22.jpeg\" width=\"300\" height=\"200\" srcset=\"http:\/\/bw-kreativ.de\/wordpress\/wp-content\/uploads\/word-image-22.jpeg 701w, http:\/\/bw-kreativ.de\/wordpress\/wp-content\/uploads\/word-image-22-300x199.jpeg 300w\" sizes=\"auto, (max-width: 300px) 100vw, 300px\" \/><\/p>\n<p><span style=\"color: #993300;\">Einmal hat der Winni mich hier sogar besucht!! Der ist ein prima Spielkumpel, man kann richtig toben mit ihm! <\/span><br \/>\nNun musst Du aber auch von der anderen Sache erz\u00e4hlen Flanna!!!<br \/>\n<span style=\"color: #993300;\">Welche andere Sache? *guckt unschuldig* <\/span><br \/>\nNa von der Sache, die das Frauchen von Winni macht!!!<br \/>\n<span style=\"color: #993300;\">Da erinnere ich mich aber nicht so gerne dran, und wenn ich hier davon erz\u00e4hle, kommt sicher unser Frauchen auf dumme Gedanken!! Muss ich wirklich Rike?? *guckt ungl\u00fccklich* <\/span><br \/>\nWenn es Du nicht machst, dann mach es eben ich! Mit deinem Kumpel hast Du Dir n\u00e4mlich noch was anders eingebrockt! Hahaha<br \/>\nWinnis und Jules Frauchen ist ein Hundeversch\u00f6nerungs-Frauchen!!! Hihi<br \/>\nUnd unsere 2Beiner meinten wir k\u00f6nnten da in Zukunft auch ab und an mal hin und haben das dann prompt auch wahrgemacht!!<br \/>\n<span style=\"color: #000000;\">Du durftest das ja als erste geniessen !!<br \/>\n<\/span><br \/>\n<span style=\"color: #000000;\"><strong>Ab in Winnis Hundesalon!!<br \/>\n<\/strong><\/span><img loading=\"lazy\" decoding=\"async\" class=\"alignnone wp-image-173\" src=\"http:\/\/bw-kreativ.de\/wordpress\/wp-content\/uploads\/word-image-23.jpeg\" alt=\"\" width=\"300\" height=\"225\" srcset=\"http:\/\/bw-kreativ.de\/wordpress\/wp-content\/uploads\/word-image-23.jpeg 668w, http:\/\/bw-kreativ.de\/wordpress\/wp-content\/uploads\/word-image-23-300x225.jpeg 300w\" sizes=\"auto, (max-width: 300px) 100vw, 300px\" \/> <img loading=\"lazy\" decoding=\"async\" class=\"alignnone wp-image-174\" src=\"http:\/\/bw-kreativ.de\/wordpress\/wp-content\/uploads\/word-image-24.jpeg\" alt=\"\" width=\"300\" height=\"225\" srcset=\"http:\/\/bw-kreativ.de\/wordpress\/wp-content\/uploads\/word-image-24.jpeg 672w, http:\/\/bw-kreativ.de\/wordpress\/wp-content\/uploads\/word-image-24-300x225.jpeg 300w\" sizes=\"auto, (max-width: 300px) 100vw, 300px\" \/><\/p>\n<p><img loading=\"lazy\" decoding=\"async\" class=\"alignnone wp-image-175\" src=\"http:\/\/bw-kreativ.de\/wordpress\/wp-content\/uploads\/word-image-25.jpeg\" alt=\"\" width=\"300\" height=\"225\" srcset=\"http:\/\/bw-kreativ.de\/wordpress\/wp-content\/uploads\/word-image-25.jpeg 668w, http:\/\/bw-kreativ.de\/wordpress\/wp-content\/uploads\/word-image-25-300x225.jpeg 300w\" sizes=\"auto, (max-width: 300px) 100vw, 300px\" \/> <img loading=\"lazy\" decoding=\"async\" class=\"alignnone wp-image-176\" src=\"http:\/\/bw-kreativ.de\/wordpress\/wp-content\/uploads\/word-image-26.jpeg\" alt=\"\" width=\"300\" height=\"199\" srcset=\"http:\/\/bw-kreativ.de\/wordpress\/wp-content\/uploads\/word-image-26.jpeg 709w, http:\/\/bw-kreativ.de\/wordpress\/wp-content\/uploads\/word-image-26-300x199.jpeg 300w\" sizes=\"auto, (max-width: 300px) 100vw, 300px\" \/><\/p>\n<p><span style=\"color: #993300;\">Jaaaaaa, aber war gar nicht sooo schlecht und Du musst zugeben ich sah nachher wirklich super gut aus!*strahlt* <\/span><br \/>\n<span style=\"color: #000000;\">Na ja so gut Du eben kannst, gegen meine Natursch\u00f6nheit kommst Du eh nicht an!! <\/span><br \/>\n<span style=\"color: #993300;\"> Ha Natursch\u00f6nheit, Du durftest, kaum war ich zur\u00fcck auch dahin!! Hihi warum nur?? Musst Du der Natur etwa nachhelfen??? Hihihi *grinst breit*<\/span><img loading=\"lazy\" decoding=\"async\" class=\"alignnone wp-image-177\" src=\"http:\/\/bw-kreativ.de\/wordpress\/wp-content\/uploads\/word-image-27.jpeg\" alt=\"\" width=\"300\" height=\"200\" srcset=\"http:\/\/bw-kreativ.de\/wordpress\/wp-content\/uploads\/word-image-27.jpeg 669w, http:\/\/bw-kreativ.de\/wordpress\/wp-content\/uploads\/word-image-27-300x200.jpeg 300w\" sizes=\"auto, (max-width: 300px) 100vw, 300px\" \/> <img loading=\"lazy\" decoding=\"async\" class=\"alignnone wp-image-178\" src=\"http:\/\/bw-kreativ.de\/wordpress\/wp-content\/uploads\/word-image-28.jpeg\" alt=\"\" width=\"300\" height=\"200\" srcset=\"http:\/\/bw-kreativ.de\/wordpress\/wp-content\/uploads\/word-image-28.jpeg 714w, http:\/\/bw-kreativ.de\/wordpress\/wp-content\/uploads\/word-image-28-300x200.jpeg 300w\" sizes=\"auto, (max-width: 300px) 100vw, 300px\" \/> Na, jetzt guck Dir das an, sieh den Glanz in meinem Fell und erst meine Bernerpfoten, die kommen so richtig zur Geltung, dagegen kommst Du nicht an!!<br \/>\n<span style=\"color: #993300;\">Ha!!! Also musst Du doch zugeben, dass so ein wenig \u201eNachhilfe\u201c doch was Gutes hat oder?? <\/span><br \/>\nJaaaaaaa \u2026\u2026. Wenn es denn sein muss!!!<br \/>\n<span style=\"color: #993300;\">Dank Winnis Hundesalon und der Silke, so heisst Winni und Jules Frauchen, kommen wir jetzt \u00f6fters mal schick daher! <\/span><br \/>\nHahaha bis zur n\u00e4chsten Schlammpf\u00fctze auch Flanna hahahahaha!<br \/>\n<span style=\"color: #993300;\">Das ist gemein Rike, ich mache da nur Well\u2026\u2026.. ach lassen wir das!! <\/span><br \/>\n<span style=\"color: #993300;\"> Ich wollte nur sagen, wenn ihr Euch auch mal schick machen wollt, dann k\u00f6nnt ihr das auch mit einem Besuch bei uns verbinden, ist doch praktisch oder??? K\u00f6nnt ihr danach gleich noch \u2018ne Runde toben nach dem vielen Stillstehen. <\/span><\/p>\n<p>Es sagen Tsch\u00fcssikovski<br \/>\n<span style=\"color: #993300;\">Flanna Neufundi<\/span> und Rike Neuberner<\/p>\n<p><span style=\"color: #000080;\">\u00dcbrigens, wenn Ihr mit Eurer Fellnasen auch mal unsere Nachbarin besuchen wollt findet Ihr hier ihre Webseite:\u00a0<a href=\"http:\/\/www.winnis-hundesalon.de\/\" target=\"_blank\">http:\/\/www.winnis-hundesalon.de\/<\/a><\/span><\/p>\n<p>Wie immer w\u00fcrden wir uns \u00fcber einen Kommentar von Euch sehr freuen. Schliesslich wollen wir doch wissen wie Euch diese Geschichte gef\u00e4llt \ud83d\ude09<\/p>\n","protected":false},"excerpt":{"rendered":"<p>Du Rike, nun ist es ein Jahr her seit Winni und Jule neben uns eingezogen sind, da\u00a0k\u00f6nnten wir doch mal von ihnen berichten, oder? Ist das so wichtig? *g\u00e4\u00e4\u00e4\u00e4hnt* Sind halt Neue!! Also ich finde schon, Du wei\u00dft doch, Winni ist mein Kumpel! Und sein Frauchen ist auch ganz klasse! Ja ist ganz ok! Ganz &hellip; <a href=\"http:\/\/bw-kreativ.de\/wordpress\/nachbarn-mit-schoenheitssalon\/\" class=\"more-link\"><span class=\"screen-reader-text\">Nachbarn mit Sch\u00f6nheitssalon<\/span> weiterlesen <span class=\"meta-nav\">&rarr;<\/span><\/a><\/p>\n","protected":false},"author":2,"featured_media":0,"parent":0,"menu_order":1,"comment_status":"open","ping_status":"closed","template":"","meta":{"footnotes":""},"class_list":["post-168","page","type-page","status-publish","hentry"],"yoast_head":"<!-- This site is optimized with the Yoast SEO plugin v24.6 - https:\/\/yoast.com\/wordpress\/plugins\/seo\/ -->\n<title>Nachbarn mit Sch\u00f6nheitssalon - Kurzgebell 2.0<\/title>\n<meta name=\"robots\" content=\"index, follow, max-snippet:-1, max-image-preview:large, max-video-preview:-1\" \/>\n<link rel=\"canonical\" href=\"http:\/\/bw-kreativ.de\/wordpress\/nachbarn-mit-schoenheitssalon\/\" \/>\n<script type=\"application\/ld+json\" class=\"yoast-schema-graph\">{\"@context\":\"https:\/\/schema.org\",\"@graph\":[{\"@type\":\"BreadcrumbList\",\"@id\":\"http:\/\/bw-kreativ.de\/wordpress\/nachbarn-mit-schoenheitssalon\/#breadcrumb\",\"itemListElement\":[{\"@type\":\"ListItem\",\"position\":1,\"name\":\"Startseite\",\"item\":\"http:\/\/bw-kreativ.de\/wordpress\/\"},{\"@type\":\"ListItem\",\"position\":2,\"name\":\"Nachbarn mit Sch\u00f6nheitssalon\"}]}]}<\/script>\n<!-- \/ Yoast SEO plugin. -->","yoast_head_json":{"title":"Nachbarn mit Sch\u00f6nheitssalon - Kurzgebell 2.0","robots":{"index":"index","follow":"follow","max-snippet":"max-snippet:-1","max-image-preview":"max-image-preview:large","max-video-preview":"max-video-preview:-1"},"canonical":"http:\/\/bw-kreativ.de\/wordpress\/nachbarn-mit-schoenheitssalon\/","schema":{"@context":"https:\/\/schema.org","@graph":[{"@type":"BreadcrumbList","@id":"http:\/\/bw-kreativ.de\/wordpress\/nachbarn-mit-schoenheitssalon\/#breadcrumb","itemListElement":[{"@type":"ListItem","position":1,"name":"Startseite","item":"http:\/\/bw-kreativ.de\/wordpress\/"},{"@type":"ListItem","position":2,"name":"Nachbarn mit Sch\u00f6nheitssalon"}]}]}},"_links":{"self":[{"href":"http:\/\/bw-kreativ.de\/wordpress\/wp-json\/wp\/v2\/pages\/168","targetHints":{"allow":["GET"]}}],"collection":[{"href":"http:\/\/bw-kreativ.de\/wordpress\/wp-json\/wp\/v2\/pages"}],"about":[{"href":"http:\/\/bw-kreativ.de\/wordpress\/wp-json\/wp\/v2\/types\/page"}],"author":[{"embeddable":true,"href":"http:\/\/bw-kreativ.de\/wordpress\/wp-json\/wp\/v2\/users\/2"}],"replies":[{"embeddable":true,"href":"http:\/\/bw-kreativ.de\/wordpress\/wp-json\/wp\/v2\/comments?post=168"}],"version-history":[{"count":6,"href":"http:\/\/bw-kreativ.de\/wordpress\/wp-json\/wp\/v2\/pages\/168\/revisions"}],"predecessor-version":[{"id":187,"href":"http:\/\/bw-kreativ.de\/wordpress\/wp-json\/wp\/v2\/pages\/168\/revisions\/187"}],"wp:attachment":[{"href":"http:\/\/bw-kreativ.de\/wordpress\/wp-json\/wp\/v2\/media?parent=168"}],"curies":[{"name":"wp","href":"https:\/\/api.w.org\/{rel}","templated":true}]}}