{"id":189,"date":"2017-04-08T08:41:56","date_gmt":"2017-04-08T07:41:56","guid":{"rendered":"http:\/\/bw-kreativ.de\/wordpress\/?page_id=189"},"modified":"2017-04-08T08:41:56","modified_gmt":"2017-04-08T07:41:56","slug":"flanna-zieht-ein","status":"publish","type":"page","link":"http:\/\/bw-kreativ.de\/wordpress\/flanna-zieht-ein\/","title":{"rendered":"Flanna zieht ein"},"content":{"rendered":"<h3 style=\"text-align: center;\"><strong>Hurra wir sind Eltern geworden!!!<\/strong><\/h3>\n<p style=\"text-align: center;\"><img loading=\"lazy\" decoding=\"async\" class=\"alignnone wp-image-190\" src=\"http:\/\/bw-kreativ.de\/wordpress\/wp-content\/uploads\/word-image-29.jpeg\" alt=\"\" width=\"300\" height=\"225\" srcset=\"http:\/\/bw-kreativ.de\/wordpress\/wp-content\/uploads\/word-image-29.jpeg 400w, http:\/\/bw-kreativ.de\/wordpress\/wp-content\/uploads\/word-image-29-300x225.jpeg 300w\" sizes=\"auto, (max-width: 300px) 100vw, 300px\" \/> <img loading=\"lazy\" decoding=\"async\" class=\"alignnone wp-image-191\" src=\"http:\/\/bw-kreativ.de\/wordpress\/wp-content\/uploads\/word-image-30.jpeg\" alt=\"\" width=\"225\" height=\"300\" srcset=\"http:\/\/bw-kreativ.de\/wordpress\/wp-content\/uploads\/word-image-30.jpeg 300w, http:\/\/bw-kreativ.de\/wordpress\/wp-content\/uploads\/word-image-30-225x300.jpeg 225w\" sizes=\"auto, (max-width: 225px) 100vw, 225px\" \/><\/p>\n<p><strong>Mama Kimmy und Papa Bobby geben bekannt heute, am 8. April 2011, Eltern von 9 Braunen Neufundl\u00e4ndern geworden zu sein.<\/strong><\/p>\n<h3 style=\"text-align: center;\"><strong>Die 2Beiner Frau<\/strong><\/h3>\n<p>Ja an diesem Freitag im April haben ich und 8 weitere Geschwister das Licht der Welt erblickt.<\/p>\n<p>Naja erst mal erblickten wir gar nichts, die ersten zwei Wochen habe ich, au\u00dfer Schlafen und Milch schl\u00fcrfen an der Mamatankstelle, nicht viel mehr gemacht.<\/p>\n<p>Kaum konnte ich sehen und h\u00f6ren war ich neugierig auf die Welt da drau\u00dfen.\u00a0Also die ersten Abendteuer \u2026&#8230;&#8230; immer nat\u00fcrlich in n\u00e4he der Mamatankstelle, ich war eh schon die Kleinste, da musste ich zusehen, dass ich keine Mahlzeit verpasste.<\/p>\n<p>Hach, war das eine sch\u00f6ne Zeit. Fressen, trinken, schlafen und mit den Geschwistern spielen, einfach herrlich!!!<\/p>\n<p>Aber \u2026&#8230;.. schon bald kamen da 2beiner die uns streichelten und von allen Seiten anschauten.<\/p>\n<p>Tja und dann \u2026&#8230;&#8230;&#8230;. dann kam er \u2026&#8230;.. jener furchtbare Tag \u2026. der Tag wo alles anders wurde.\u00a0Da wurden alle meine Br\u00fcder und Schwestern gestohlen, jaaaaaa gestohlen!!!!\u00a0Einer nach dem anderen verschwand, bis nur noch ich und einer meiner Br\u00fcder \u00fcbrig waren.<\/p>\n<p>Der meinte ich sei dumm, weil die Geschwister sind nicht gestohlen worden, sondern in neue Familien gekommen, und er werde auch bald zu so einer kommen, die vielen 2Beiner die da waren, sind die neuen Familien.\u00a0Ich verstehe das nicht, wir sind doch eine Familie *gr\u00fcbel*<\/p>\n<p>F\u00fcr Dich ist wohl noch keiner gekommen, bist aber auch klein, meinte er. Ja\u00a0Fettklops, du musst es ja wissen, und die sind doch gestohlen worden!<\/p>\n<p><img loading=\"lazy\" decoding=\"async\" class=\"wp-image-192 aligncenter\" src=\"http:\/\/bw-kreativ.de\/wordpress\/wp-content\/uploads\/word-image-31.jpeg\" alt=\"\" width=\"400\" height=\"267\" srcset=\"http:\/\/bw-kreativ.de\/wordpress\/wp-content\/uploads\/word-image-31.jpeg 829w, http:\/\/bw-kreativ.de\/wordpress\/wp-content\/uploads\/word-image-31-300x200.jpeg 300w, http:\/\/bw-kreativ.de\/wordpress\/wp-content\/uploads\/word-image-31-768x513.jpeg 768w, http:\/\/bw-kreativ.de\/wordpress\/wp-content\/uploads\/word-image-31-800x535.jpeg 800w\" sizes=\"auto, (max-width: 400px) 100vw, 400px\" \/><\/p>\n<p>Hmmmm \u2026&#8230;&#8230;.. obwohl \u2026&#8230;.. kann es denn sein \u2026&#8230;&#8230;.Wenn mich jetzt doch keiner will?????? Ich werde ganz alleine bleiben *heuuuul*<\/p>\n<p>Oh da kommen wieder 2Beiner, die schnapp ich mir jetzt, aber Hallo, die geh\u00f6ren jetzt aber sowas von mir!!!.\u00a0Maaaan bin ich aufgeregt, also nun auf die 2Beiner Frau zulaufen \u2026&#8230;. menno bin ich aufgeregt, die ist ja soooo riesig gro\u00df \u2026&#8230;.. Hilfe mir zittern die Beine, sofort aufh\u00f6ren damit!!!!\u00a0Nun komm schon, streichle mich schon, musst dich halt zusammenfalten und zu mir runter kommen \u2026&#8230;&#8230;&#8230; Mist \u2026&#8230; was mache ich falsch?????<\/p>\n<p>Ok, gehe ich halt wieder, war dann wohl wieder ni&#8230;&#8230;&#8230;&#8230;&#8230;&#8230;he was wie wo passiert hier, ich kann fliiiiiiegeeeen!!!\u00a0Sie hat es getaaahaaan \u2026&#8230; die 2Beinerin hat mich hochgehoben, ob die weiss, dass sie mich nicht wieder loswird??\u00a0Oh man ist das kuschlig weich und warm bei ihr, einmal \u00fcber das Gesicht lecken \u2026&#8230;. hmm ist das salzig.\u00a0Ich werde mal eine Runde schlafen, dann kann sie mich nicht gleich wieder auf den Boden setzen. Aber das wird sie nicht tun, die hat ein ganz liebes Herz, wir Hunde sp\u00fcren so etwas.<\/p>\n<p>Uuu\u00e4\u00e4\u00e4\u00e4hhhh ach hab ich jetzt gut geschlafen, ha bin immer noch bei der 2Beiner Frau, das ist wohl gut so.\u00a0\u00c4\u00e4\u00e4\u00e4h was ist denn jetzt???\u00a0Ich will nicht runter Neeeeiiiinnn!!!! \u00a0Wie ich soll pieseln, keine Zeit dazu, ich muss aufpassen, damit ihr nicht abhaut \u2026&#8230;..<\/p>\n<p>Uuuups wer bist denn Du.<br \/>\n<em>Bin die<\/em> <em>Rike und nun lass mich in Ruhe!<br \/>\n<\/em>Mensch ist die unfreundlich, wohl zu wenig geschlafen oder was!!<\/p>\n<p><img loading=\"lazy\" decoding=\"async\" class=\"aligncenter wp-image-193\" src=\"http:\/\/bw-kreativ.de\/wordpress\/wp-content\/uploads\/word-image-32.jpeg\" alt=\"\" width=\"400\" height=\"268\" srcset=\"http:\/\/bw-kreativ.de\/wordpress\/wp-content\/uploads\/word-image-32.jpeg 770w, http:\/\/bw-kreativ.de\/wordpress\/wp-content\/uploads\/word-image-32-300x201.jpeg 300w, http:\/\/bw-kreativ.de\/wordpress\/wp-content\/uploads\/word-image-32-768x515.jpeg 768w\" sizes=\"auto, (max-width: 400px) 100vw, 400px\" \/><\/p>\n<p>So nun ist die Welt wieder in Ordnung, sie hat mich wieder hoch genommen aber wo gehen wir den nun hin??\u00a0Wie ich soll in diesen Kasten hinein??? Oh nein ich hab Angst davor! Hiiilllfeeee!!!<br \/>\nOh und das Schwarze unfreundliche Teil kommt auch noch, lass mich nicht alleine 2beiner Frau biiiiittteeeee!!!!<\/p>\n<p><em>Jetzt mach Dir mal nicht ins Fell du Zwerg, das ist blo\u00df ein Auto und das hei\u00dft auch nicht 2Beiner Frau, sondern Frauchen!<\/em><\/p>\n<p>Auto????????<\/p>\n<p><em>Jaaa, das sind rollende Kisten, die einem ganz schnell von einem Ort zum anderen bringen. \u00dcbrigens du kleiner Nervenzwerg sitzt in meiner Ecke!!!1<\/em><\/p>\n<p>Frauchen also \u2026&#8230;&#8230;.. Ok \u2026.. das brummt so sch\u00f6n, ich glaub ich schlaf mal eine Runde.<\/p>\n<p style=\"text-align: center;\"><em><strong>\u00a9 Bea Grein (Flarimama)<\/strong><\/em><\/p>\n<p style=\"text-align: center;\"><em>Ja, so war das damals anno 2011 als Flanna zu uns kam und unsere Herzen eroberte. Wir w\u00fcrden uns freuen wenn ihr uns einen Kommentar oder Flanna einen Gru\u00df\/Gl\u00fcckwunsch hinterlasst.<\/em><\/p>\n","protected":false},"excerpt":{"rendered":"<p>Hurra wir sind Eltern geworden!!! Mama Kimmy und Papa Bobby geben bekannt heute, am 8. April 2011, Eltern von 9 Braunen Neufundl\u00e4ndern geworden zu sein. Die 2Beiner Frau Ja an diesem Freitag im April haben ich und 8 weitere Geschwister das Licht der Welt erblickt. Naja erst mal erblickten wir gar nichts, die ersten zwei &hellip; <a href=\"http:\/\/bw-kreativ.de\/wordpress\/flanna-zieht-ein\/\" class=\"more-link\"><span class=\"screen-reader-text\">Flanna zieht ein<\/span> weiterlesen <span class=\"meta-nav\">&rarr;<\/span><\/a><\/p>\n","protected":false},"author":2,"featured_media":193,"parent":0,"menu_order":1,"comment_status":"open","ping_status":"open","template":"","meta":{"footnotes":""},"class_list":["post-189","page","type-page","status-publish","has-post-thumbnail","hentry"],"yoast_head":"<!-- This site is optimized with the Yoast SEO plugin v24.6 - https:\/\/yoast.com\/wordpress\/plugins\/seo\/ -->\n<title>Flanna zieht ein - Kurzgebell 2.0<\/title>\n<meta name=\"robots\" content=\"index, follow, max-snippet:-1, max-image-preview:large, max-video-preview:-1\" \/>\n<link rel=\"canonical\" href=\"http:\/\/bw-kreativ.de\/wordpress\/flanna-zieht-ein\/\" \/>\n<script type=\"application\/ld+json\" class=\"yoast-schema-graph\">{\"@context\":\"https:\/\/schema.org\",\"@graph\":[{\"@type\":\"BreadcrumbList\",\"@id\":\"http:\/\/bw-kreativ.de\/wordpress\/flanna-zieht-ein\/#breadcrumb\",\"itemListElement\":[{\"@type\":\"ListItem\",\"position\":1,\"name\":\"Startseite\",\"item\":\"http:\/\/bw-kreativ.de\/wordpress\/\"},{\"@type\":\"ListItem\",\"position\":2,\"name\":\"Flanna zieht ein\"}]}]}<\/script>\n<!-- \/ Yoast SEO plugin. -->","yoast_head_json":{"title":"Flanna zieht ein - Kurzgebell 2.0","robots":{"index":"index","follow":"follow","max-snippet":"max-snippet:-1","max-image-preview":"max-image-preview:large","max-video-preview":"max-video-preview:-1"},"canonical":"http:\/\/bw-kreativ.de\/wordpress\/flanna-zieht-ein\/","schema":{"@context":"https:\/\/schema.org","@graph":[{"@type":"BreadcrumbList","@id":"http:\/\/bw-kreativ.de\/wordpress\/flanna-zieht-ein\/#breadcrumb","itemListElement":[{"@type":"ListItem","position":1,"name":"Startseite","item":"http:\/\/bw-kreativ.de\/wordpress\/"},{"@type":"ListItem","position":2,"name":"Flanna zieht ein"}]}]}},"_links":{"self":[{"href":"http:\/\/bw-kreativ.de\/wordpress\/wp-json\/wp\/v2\/pages\/189","targetHints":{"allow":["GET"]}}],"collection":[{"href":"http:\/\/bw-kreativ.de\/wordpress\/wp-json\/wp\/v2\/pages"}],"about":[{"href":"http:\/\/bw-kreativ.de\/wordpress\/wp-json\/wp\/v2\/types\/page"}],"author":[{"embeddable":true,"href":"http:\/\/bw-kreativ.de\/wordpress\/wp-json\/wp\/v2\/users\/2"}],"replies":[{"embeddable":true,"href":"http:\/\/bw-kreativ.de\/wordpress\/wp-json\/wp\/v2\/comments?post=189"}],"version-history":[{"count":1,"href":"http:\/\/bw-kreativ.de\/wordpress\/wp-json\/wp\/v2\/pages\/189\/revisions"}],"predecessor-version":[{"id":195,"href":"http:\/\/bw-kreativ.de\/wordpress\/wp-json\/wp\/v2\/pages\/189\/revisions\/195"}],"wp:featuredmedia":[{"embeddable":true,"href":"http:\/\/bw-kreativ.de\/wordpress\/wp-json\/wp\/v2\/media\/193"}],"wp:attachment":[{"href":"http:\/\/bw-kreativ.de\/wordpress\/wp-json\/wp\/v2\/media?parent=189"}],"curies":[{"name":"wp","href":"https:\/\/api.w.org\/{rel}","templated":true}]}}