{"id":235,"date":"2017-07-02T16:16:57","date_gmt":"2017-07-02T15:16:57","guid":{"rendered":"http:\/\/bw-kreativ.de\/wordpress\/?page_id=235"},"modified":"2017-08-27T15:42:06","modified_gmt":"2017-08-27T14:42:06","slug":"ein-hundeparadies-im-norden-deutschlands","status":"publish","type":"page","link":"http:\/\/bw-kreativ.de\/wordpress\/ein-hundeparadies-im-norden-deutschlands\/","title":{"rendered":"Ein Hundeparadies im Norden Deutschlands"},"content":{"rendered":"<p><strong>Lage\/Umgebung<\/strong><\/p>\n<p>Barkenholm ist eine kleine Gemeinde mit nicht mal 200 Einwohnern im Kreis Dithmarschen, nur rund 10 Minuten entfernt von Heide\/Holstein, der Stadt mit dem gr\u00f6\u00dften unbebauten Markplatz Deutschlands. Rund um die Ferienwohnungen l\u00e4dt die Natur zu ausgedehnten Spazierg\u00e4ngen in der Natur ein. Nord- und Ostsee sowie die Elbe sind in jeweils weniger als einer Stunde erreichbar.<\/p>\n<p><strong>Die Gastgeber und die Ferienwohnungen<\/strong><\/p>\n<p>Hunde aller Rassen herzlich willkommen, je gr\u00f6\u00dfer desto sch\u00f6ner. Das ist in etwa das Motto von Ulrike und Uwe Gr\u00e4hling, den Gastgebern und Vermietern der 2 Ferienwohnungen <a href=\"https:\/\/wildcoves.jimdo.com\/unsere-ferienwohnung-achterd%C3%B6%C3%B6r\/\" target=\"_blank\" rel=\"noopener\">Achterd\u00f6\u00f6r<\/a> und <a href=\"https:\/\/wildcoves.jimdo.com\/ferienwohnung-koohstall\/\" target=\"_blank\" rel=\"noopener\">Koohstall<\/a>. Aber keine Angst: Auch mit kleinen Hunden ist man bei den Beiden gern gesehen und gut aufgehoben. Aber die Vorliebe gerade f\u00fcr gro\u00dfe Hunde kommt nicht von ungef\u00e4hr, leben doch auch noch 3 Neufundl\u00e4nder dort.<\/p>\n<p>So \u00fcberrascht es einen denn auch nicht mehr, dass Hunde hier nat\u00fcrlich nichts extra kosten, in beiden Wohnungen ausreichend Hundehandt\u00fccher zur Verf\u00fcgung gestellt werden und das man auch einen Blower zur Nutzung anbietet. Um das Hundeparadies komplett zu machen steht eine 3.000m\u00b2 gro\u00dfe Hundewiese zum Spielen und Toben zur Verf\u00fcgung.<\/p>\n<p>Wen wundert es da noch das innerhalb kurzer Zeit (seit 2014) die meisten Urlauber, wie wir, zu \u00fcberzeugten Wiederholungst\u00e4tern wurden und immer wieder ihre Urlaubszelte dort aufschlagen. Und wer meint das ein solches Paradies f\u00fcr Mensch und Tier doch ein Verm\u00f6gen kosten musst irrt sich. F\u00fcr 2 Personen kostet eine Wohnung nur 50 \u20ac pro Nacht, ganz egal zu welcher Saison\/Jahreszeit.<\/p>\n<p><strong>Ausflugstipps<\/strong><\/p>\n<p><strong>Hundestr\u00e4nde<\/strong><\/p>\n<p>Da w\u00e4re zum einen der Hundestrand in St. Peter-Ording zu nennen. Mit dem Auto braucht man knapp 45 Minuten. Es gibt direkt einen eigenen Parkplatz f\u00fcr den Hundestrand (Parkplatz Hungerhamm), von dort geht es noch an der Leine \u00fcber den Deich und durch die D\u00fcnen bis es dann hei\u00dft: Leine los.<\/p>\n<p>Auch sehr sch\u00f6n ist unser Lieblingsstrand an der Ostsee. Die 90 Minuten Fahrzeit lohnen sich auf alle F\u00e4lle. Das Ziel ist der Hundestrand Pottloch in Kroonsgard. Auch hier gibt es in unmittelbarer N\u00e4he einen Parkplatz und als Besonderheit verf\u00fcgt der Hundestrand sogar \u00fcber eigene Strandk\u00f6rbe die man direkt am Parkplatz (im Automaten) mieten kann.<\/p>\n<p>Und wer nicht so weit fahren m\u00f6chte dem empfehlen wir die Schlei in S\u00fcderstapel (F\u00fcrs Navi: Strandstr. 33). Dort, nur rund 20 Minuten von Barkenholm entfernt, ist eine Badewiese und am linken Ende eine ausgewiesene Badestelle f\u00fcr Hunde.<\/p>\n<p><strong>Sonstige Ausflugstipps<\/strong><\/p>\n<p>Da w\u00e4re zun\u00e4chst der Markt in Heide zu nennen. Jeden Samstag bieten hier H\u00e4ndler aus der Region ihre frischen Waren an.<\/p>\n<p>Immer einen Besuch wert ist das Holl\u00e4nderst\u00e4dtchen Friedrichstadt mit seinen Grachten, die zum Tretbootfahren einladen oder auf denen man eine Grachtenrundfahrt machen kann.<\/p>\n<p>Wer es maritimer mag: Wie w\u00e4re es mit einem Ausflug in das alte Fischerst\u00e4dtchen Husum?<\/p>\n<p>Oder soll es etwas Historisches sein? Dann bietet sich eine Fahrt nach Schleswig an. Der dortige St.-Petri-Dom ist eines der bedeutendsten Baudenkm\u00e4ler in Schleswig-Holstein. Allein der phantastische, aus Eichenholz geschnitzte Br\u00fcggemann-Altar lohnt die Anfahrt.<\/p>\n<p><strong>Speis und Trank<\/strong><\/p>\n<p>F\u00fcr Selbstversorger gibt es in der Umgebung viele Einkaufsm\u00f6glichkeiten. In Heide findet man nicht nur den Markt, sondern auch gro\u00dfe Superm\u00e4rkte (Marktkauf, Rewe, Kaufland) und Discounter. In Tellingstedt sind dann Aldi und Sky zu finden. Sky ist besonders zur Grillsaison eine Empfehlung, da das Fleisch dort von hervorragender Qualit\u00e4t ist.<\/p>\n<p>Wer nicht selber kochen m\u00f6chte wird auch nicht verhungern. Der beste ist auch der n\u00e4chstliegende Tipp: Schr\u00e4g gegen\u00fcber von den Wohnungen befinden sich die <a href=\"http:\/\/www.jaegerstuben-barkenholm.de\/gaststaette-jaegerstuben\/willkommen\/\" target=\"_blank\" rel=\"noopener\">J\u00e4gerstuben<\/a> mit hervorragendem Essen zu vern\u00fcnftigen Preisen. Wenn es mal etwas Schnelles vom Imbiss sein soll bietet sich der <a href=\"http:\/\/www.imbiss66.de\/\" target=\"_blank\" rel=\"noopener\">Imbiss 66<\/a> in Heide (Waldschl\u00f6sschenstr. 93) an. Besonders die halben H\u00e4hnchen sind hier ausgesprochen lecker.<\/p>\n<p><strong>Anreise<\/strong><\/p>\n<p>Die &#8222;\u00fcbliche&#8220; Anreise mit dem Auto erfolgt sicher \u00fcber die A23. Wer jedoch, wie wir, \u00fcber Bremen Richtung Hamburg fahren w\u00fcrde, f\u00fcr den haben wir eine stre\u00df- und stau\u00e4rmere Alternative: Einfach die <a href=\"http:\/\/www.elbfaehre.de\/\" target=\"_blank\" rel=\"noopener\">F\u00e4hre<\/a> von Wischhafen nach Gl\u00fcckstadt nehmen und somit Hamburg und den Elbtunnel sowie die Gro\u00dfbaustellen A7 und A23 umgehen.<\/p>\n<p><strong>Fazit<\/strong><\/p>\n<p>Was soll man viel sagen. Einfach nur: Ferien bei Ulrike und Uwe in Barkenholm sind die perfekten Ferien f\u00fcr Mensch und Tier.<\/p>\n","protected":false},"excerpt":{"rendered":"<p>Lage\/Umgebung Barkenholm ist eine kleine Gemeinde mit nicht mal 200 Einwohnern im Kreis Dithmarschen, nur rund 10 Minuten entfernt von Heide\/Holstein, der Stadt mit dem gr\u00f6\u00dften unbebauten Markplatz Deutschlands. Rund um die Ferienwohnungen l\u00e4dt die Natur zu ausgedehnten Spazierg\u00e4ngen in der Natur ein. Nord- und Ostsee sowie die Elbe sind in jeweils weniger als einer &hellip; <a href=\"http:\/\/bw-kreativ.de\/wordpress\/ein-hundeparadies-im-norden-deutschlands\/\" class=\"more-link\"><span class=\"screen-reader-text\">Ein Hundeparadies im Norden Deutschlands<\/span> weiterlesen <span class=\"meta-nav\">&rarr;<\/span><\/a><\/p>\n","protected":false},"author":2,"featured_media":298,"parent":0,"menu_order":0,"comment_status":"closed","ping_status":"closed","template":"","meta":{"footnotes":""},"class_list":["post-235","page","type-page","status-publish","has-post-thumbnail","hentry"],"yoast_head":"<!-- This site is optimized with the Yoast SEO plugin v24.6 - https:\/\/yoast.com\/wordpress\/plugins\/seo\/ -->\n<title>Ein Hundeparadies im Norden Deutschlands - Kurzgebell 2.0<\/title>\n<meta name=\"robots\" content=\"index, follow, max-snippet:-1, max-image-preview:large, max-video-preview:-1\" \/>\n<link rel=\"canonical\" href=\"http:\/\/bw-kreativ.de\/wordpress\/ein-hundeparadies-im-norden-deutschlands\/\" \/>\n<script type=\"application\/ld+json\" class=\"yoast-schema-graph\">{\"@context\":\"https:\/\/schema.org\",\"@graph\":[{\"@type\":\"BreadcrumbList\",\"@id\":\"http:\/\/bw-kreativ.de\/wordpress\/ein-hundeparadies-im-norden-deutschlands\/#breadcrumb\",\"itemListElement\":[{\"@type\":\"ListItem\",\"position\":1,\"name\":\"Startseite\",\"item\":\"http:\/\/bw-kreativ.de\/wordpress\/\"},{\"@type\":\"ListItem\",\"position\":2,\"name\":\"Ein Hundeparadies im Norden Deutschlands\"}]}]}<\/script>\n<!-- \/ Yoast SEO plugin. -->","yoast_head_json":{"title":"Ein Hundeparadies im Norden Deutschlands - Kurzgebell 2.0","robots":{"index":"index","follow":"follow","max-snippet":"max-snippet:-1","max-image-preview":"max-image-preview:large","max-video-preview":"max-video-preview:-1"},"canonical":"http:\/\/bw-kreativ.de\/wordpress\/ein-hundeparadies-im-norden-deutschlands\/","schema":{"@context":"https:\/\/schema.org","@graph":[{"@type":"BreadcrumbList","@id":"http:\/\/bw-kreativ.de\/wordpress\/ein-hundeparadies-im-norden-deutschlands\/#breadcrumb","itemListElement":[{"@type":"ListItem","position":1,"name":"Startseite","item":"http:\/\/bw-kreativ.de\/wordpress\/"},{"@type":"ListItem","position":2,"name":"Ein Hundeparadies im Norden Deutschlands"}]}]}},"_links":{"self":[{"href":"http:\/\/bw-kreativ.de\/wordpress\/wp-json\/wp\/v2\/pages\/235","targetHints":{"allow":["GET"]}}],"collection":[{"href":"http:\/\/bw-kreativ.de\/wordpress\/wp-json\/wp\/v2\/pages"}],"about":[{"href":"http:\/\/bw-kreativ.de\/wordpress\/wp-json\/wp\/v2\/types\/page"}],"author":[{"embeddable":true,"href":"http:\/\/bw-kreativ.de\/wordpress\/wp-json\/wp\/v2\/users\/2"}],"replies":[{"embeddable":true,"href":"http:\/\/bw-kreativ.de\/wordpress\/wp-json\/wp\/v2\/comments?post=235"}],"version-history":[{"count":4,"href":"http:\/\/bw-kreativ.de\/wordpress\/wp-json\/wp\/v2\/pages\/235\/revisions"}],"predecessor-version":[{"id":240,"href":"http:\/\/bw-kreativ.de\/wordpress\/wp-json\/wp\/v2\/pages\/235\/revisions\/240"}],"wp:featuredmedia":[{"embeddable":true,"href":"http:\/\/bw-kreativ.de\/wordpress\/wp-json\/wp\/v2\/media\/298"}],"wp:attachment":[{"href":"http:\/\/bw-kreativ.de\/wordpress\/wp-json\/wp\/v2\/media?parent=235"}],"curies":[{"name":"wp","href":"https:\/\/api.w.org\/{rel}","templated":true}]}}