{"id":242,"date":"2017-07-09T15:49:13","date_gmt":"2017-07-09T14:49:13","guid":{"rendered":"http:\/\/bw-kreativ.de\/wordpress\/?page_id=242"},"modified":"2017-08-27T15:47:19","modified_gmt":"2017-08-27T14:47:19","slug":"erholung-pur-fuer-mensch-und-tier-in-usa-unser-schoenes-ammerland","status":"publish","type":"page","link":"http:\/\/bw-kreativ.de\/wordpress\/erholung-pur-fuer-mensch-und-tier-in-usa-unser-schoenes-ammerland\/","title":{"rendered":"Erholung pur f\u00fcr Mensch und Tier in USA (Unser sch\u00f6nes Ammerland)"},"content":{"rendered":"<p>USA = Unser sch\u00f6nes Ammerland, so nennen die Einheimischen in und um Westerstede ihre Region. Und damit \u00fcbertreiben sie auch nicht. Ameri + Land = Sumpfland, daher leitet sich der Name des Landkreises <a href=\"http:\/\/www.ammerland-touristik.de\/DE\/\">Ammerland<\/a> aus dem indogermanischen ab. Bis 1977 wies der Landkreis auch noch die Besonderheit auf \u00fcber keine Stadt zu verf\u00fcgen. Erst dann erlangte der Hauptort Westerstede den Stadtstatus. Das Ammerland grenzt im Westen an den Kreis Leer, im Norden an Friesland, im Osten an den Landkreis Wesermarsch und die kreisfreie Stadt Oldenburg\/Oldb sowie im S\u00fcden an die Kreise Oldenburg und Cloppenburg.<\/p>\n<p>Das Ammerland ist, wie kaum eine andere Region, mit zahlreichen wundersch\u00f6nen Parks und G\u00e4rten ausgestattet. Daher bl\u00fchen hier\u00a0nicht nur im Fr\u00fchjahr der Rhododendron sondern auch Mensch und Tier auf. Und gerade <a href=\"http:\/\/www.westerstede.de\/internet\/page.php?naviID=905000003&amp;site=905000001&amp;brotID=905000003&amp;typ=2&amp;rubrik=905000002\" target=\"_blank\" rel=\"noopener\">Westerstede<\/a> ist die bl\u00fchende Stadt des Ammerlandes und wird auch die Rhododendronstadt genannt. 85% aller Rhododendren und 90% aller Freilandazaleen in der Bundesrepublik kommen von hier!<\/p>\n<p>Ausser der Stadt selber besteht Westerstede aus 25 D\u00f6rfern. In einem davon (Lindern) befinden sich die <a href=\"http:\/\/www.ferienwohnung-zur-rotbuche.de\/\" target=\"_blank\" rel=\"noopener\">Ferienwohnungen zur Rotbuche<\/a>.<\/p>\n<p><b>Gastgeber<\/b><\/p>\n<p>Hier wird man von den Hunden Tim und Tina, den Katzen Tom, Suse, Peter &amp; Biggi sowie den Zweibeinern Hilde Christians &amp; Armin Marschner empfangen, die hier 2 Ferienwohnungen f\u00fcr Mensch und Tier anbieten.<br \/>\nFerienwohnungen<\/p>\n<p>Es stehen insgesamt 2 Ferienwohnungen zur Verf\u00fcgung.<\/p>\n<p>Die gro\u00dfe Wohnung bietet in 3 Zimmern Platz f\u00fcr 4 Personen (bei Kurzaufenthalten auch 6 Personen m\u00f6glich). Sie verf\u00fcgt \u00fcber ein Schlafzimmer mit Doppelbett, einen mit 2 Einzelbetten sowie ein Wohnzimmer mit Schlafcouch. Au\u00dferdem eine voll ausgestattete K\u00fcche mit Essecke und ein Bad mit Badewanne.<\/p>\n<p>Wir hatten f\u00fcr unseren Kurzurlaub aber \u201enur\u201c die kleine Wohnung. Hier findet man ein kleines Schlafzimmer, ein Wohnzimmer, ein Duschbad und eine kleine K\u00fcchenzeile incl. Essplatz vor. Die Wohnung bot uns auch mit den 2Fellnasen aurseichend Platz.<\/p>\n<p>&nbsp;<\/p>\n<p><b>Tipps<\/b><\/p>\n<p>In Westerstede findet man alle m\u00f6glichen Superm\u00e4rkte und Discounter vor. Auch wer nicht selber kochen m\u00f6chte wird nicht verhungern und findet ein breites Angebot vor. Ob asiatisch, italienisch oder gutb\u00fcrgerlich, es ist f\u00fcr jeden Geschmack was dabei. Besonders empfehlen k\u00f6nnen wir das Asia-Restaurant Lotusbl\u00fcte in Westerstede (auch au\u00dfer Haus Verkauf) sowie, nur 600 m von der Ferienwohnung entfernt, den Rosenkrug.<br \/>\nAusflugsziele: Da sind nat\u00fcrlich zuerst die vielen Parks und G\u00e4rten in Westerstede zu nennen, allen voran der Rhododendronpark. Oder wie w\u00e4re es mit einer Fahrt mit einer Draisine? Nur ca. 10 km sind es bis zum Zwischenahner Meer, leider k\u00f6nnen hier Hunde nirgndwo richtig baden gehen. Innerhalb von gut 30 Minuten erreicht man zB Leer in Ostfriesland oder die Stadt Oldenburg (Oldb). Der n\u00e4chstgelegende Hundestrand befindet sich im 35 km entfernten Dangast am Jadebusen. Aber Achtung: Hier ist er Boden sehr weich so das Mensch und Tier sich unweigerlich braune Beine holen. Allerdings gibt es am Strand Wasserstellen um den Schlick wieder absp\u00fclen zu k\u00f6nnen.<\/p>\n<p>Unser absoluter Favorit was Strandspass betrifft ist eindeutig der riesige <a href=\"http:\/\/www.nwzonline.de\/nordsee-urlaub\/Artikel\/205\/2684970\/%E2%80%9EErna%E2%80%9C-und-%E2%80%9ESmudo%E2%80%9C-wollen-ohne-Leine-laufen.html\">Hundestrand in Schillig<\/a>, auch wenn es gut 1 Stunde zu fahren ist. Wichtig ist in Schillig dem Wegweiser Strand zu folgen! Auf dem gro\u00dfen Parkplatz (gibt nur den einen) sollte man von der Einfahrt aus so weit wie nur m\u00f6glich nach hinten durchfahren und das soweit links wie m\u00f6glich. Dann hat man es nicht mehr soweit zum Hundestrand.\u00a0 Die Parkgeb\u00fchren betragen hier bis 2 Stunden 3,00 \u20ac, 2-4 Stunden 5,00 \u20ac und das Tagesticket kostet 7,50 \u20ac.<\/p>\n<p>&nbsp;<\/p>\n<p><b>Fazit<\/b><\/p>\n<p>Wer Erholung in einem wirklich absolut hundefreundlichen Quartier sucht der findet diese garantiert in einer dieser beiden Ferienwohnungen. Und wenn ihr Gl\u00fcck habt und die Nachbarschaft sich mal wieder zu Bier und Bratwurst trifft kann es gut sein das ihr auch eingeladen werdet. So ist es uns jedenfalls gegangen und es war ein wundersch\u00f6ner gem\u00fctlicher Abend mit ganz lieben Menschen!<\/p>\n","protected":false},"excerpt":{"rendered":"<p>USA = Unser sch\u00f6nes Ammerland, so nennen die Einheimischen in und um Westerstede ihre Region. Und damit \u00fcbertreiben sie auch nicht. Ameri + Land = Sumpfland, daher leitet sich der Name des Landkreises Ammerland aus dem indogermanischen ab. Bis 1977 wies der Landkreis auch noch die Besonderheit auf \u00fcber keine Stadt zu verf\u00fcgen. Erst dann &hellip; <a href=\"http:\/\/bw-kreativ.de\/wordpress\/erholung-pur-fuer-mensch-und-tier-in-usa-unser-schoenes-ammerland\/\" class=\"more-link\"><span class=\"screen-reader-text\">Erholung pur f\u00fcr Mensch und Tier in USA (Unser sch\u00f6nes Ammerland)<\/span> weiterlesen <span class=\"meta-nav\">&rarr;<\/span><\/a><\/p>\n","protected":false},"author":2,"featured_media":299,"parent":0,"menu_order":0,"comment_status":"closed","ping_status":"closed","template":"","meta":{"footnotes":""},"class_list":["post-242","page","type-page","status-publish","has-post-thumbnail","hentry"],"yoast_head":"<!-- This site is optimized with the Yoast SEO plugin v24.6 - https:\/\/yoast.com\/wordpress\/plugins\/seo\/ -->\n<title>Erholung pur f\u00fcr Mensch und Tier in USA (Unser sch\u00f6nes Ammerland) - Kurzgebell 2.0<\/title>\n<meta name=\"robots\" content=\"index, follow, max-snippet:-1, max-image-preview:large, max-video-preview:-1\" \/>\n<link rel=\"canonical\" href=\"http:\/\/bw-kreativ.de\/wordpress\/erholung-pur-fuer-mensch-und-tier-in-usa-unser-schoenes-ammerland\/\" \/>\n<script type=\"application\/ld+json\" class=\"yoast-schema-graph\">{\"@context\":\"https:\/\/schema.org\",\"@graph\":[{\"@type\":\"BreadcrumbList\",\"@id\":\"http:\/\/bw-kreativ.de\/wordpress\/erholung-pur-fuer-mensch-und-tier-in-usa-unser-schoenes-ammerland\/#breadcrumb\",\"itemListElement\":[{\"@type\":\"ListItem\",\"position\":1,\"name\":\"Startseite\",\"item\":\"http:\/\/bw-kreativ.de\/wordpress\/\"},{\"@type\":\"ListItem\",\"position\":2,\"name\":\"Erholung pur f\u00fcr Mensch und Tier in USA (Unser sch\u00f6nes Ammerland)\"}]}]}<\/script>\n<!-- \/ Yoast SEO plugin. -->","yoast_head_json":{"title":"Erholung pur f\u00fcr Mensch und Tier in USA (Unser sch\u00f6nes Ammerland) - Kurzgebell 2.0","robots":{"index":"index","follow":"follow","max-snippet":"max-snippet:-1","max-image-preview":"max-image-preview:large","max-video-preview":"max-video-preview:-1"},"canonical":"http:\/\/bw-kreativ.de\/wordpress\/erholung-pur-fuer-mensch-und-tier-in-usa-unser-schoenes-ammerland\/","schema":{"@context":"https:\/\/schema.org","@graph":[{"@type":"BreadcrumbList","@id":"http:\/\/bw-kreativ.de\/wordpress\/erholung-pur-fuer-mensch-und-tier-in-usa-unser-schoenes-ammerland\/#breadcrumb","itemListElement":[{"@type":"ListItem","position":1,"name":"Startseite","item":"http:\/\/bw-kreativ.de\/wordpress\/"},{"@type":"ListItem","position":2,"name":"Erholung pur f\u00fcr Mensch und Tier in USA (Unser sch\u00f6nes Ammerland)"}]}]}},"_links":{"self":[{"href":"http:\/\/bw-kreativ.de\/wordpress\/wp-json\/wp\/v2\/pages\/242","targetHints":{"allow":["GET"]}}],"collection":[{"href":"http:\/\/bw-kreativ.de\/wordpress\/wp-json\/wp\/v2\/pages"}],"about":[{"href":"http:\/\/bw-kreativ.de\/wordpress\/wp-json\/wp\/v2\/types\/page"}],"author":[{"embeddable":true,"href":"http:\/\/bw-kreativ.de\/wordpress\/wp-json\/wp\/v2\/users\/2"}],"replies":[{"embeddable":true,"href":"http:\/\/bw-kreativ.de\/wordpress\/wp-json\/wp\/v2\/comments?post=242"}],"version-history":[{"count":3,"href":"http:\/\/bw-kreativ.de\/wordpress\/wp-json\/wp\/v2\/pages\/242\/revisions"}],"predecessor-version":[{"id":301,"href":"http:\/\/bw-kreativ.de\/wordpress\/wp-json\/wp\/v2\/pages\/242\/revisions\/301"}],"wp:featuredmedia":[{"embeddable":true,"href":"http:\/\/bw-kreativ.de\/wordpress\/wp-json\/wp\/v2\/media\/299"}],"wp:attachment":[{"href":"http:\/\/bw-kreativ.de\/wordpress\/wp-json\/wp\/v2\/media?parent=242"}],"curies":[{"name":"wp","href":"https:\/\/api.w.org\/{rel}","templated":true}]}}