{"id":249,"date":"2017-07-09T16:05:05","date_gmt":"2017-07-09T15:05:05","guid":{"rendered":"http:\/\/bw-kreativ.de\/wordpress\/?page_id=249"},"modified":"2017-07-09T16:05:05","modified_gmt":"2017-07-09T15:05:05","slug":"norddeutschland-elbinsel-krautsand-tolles-kleines-ferienhaus","status":"publish","type":"page","link":"http:\/\/bw-kreativ.de\/wordpress\/norddeutschland-elbinsel-krautsand-tolles-kleines-ferienhaus\/","title":{"rendered":"Norddeutschland &#8211; Elbinsel Krautsand &#8211; tolles kleines Ferienhaus"},"content":{"rendered":"<p><strong>Allgemeines\/Umgebung<\/strong><br \/>\nKrautsand ist eine Insel am S\u00fcdufer der Elbe zwischen Hamburg und Cuxhaven. Sie liegt ganz in der N\u00e4he der Elbf\u00e4hre Wischhafen-Gl\u00fcckstadt und ist durch 2 Br\u00fccken mit dem Festland verbunden.<\/p>\n<p>Die Insel verf\u00fcgt \u00fcber ca. 7 km Sandstrand und 20 km Rad- und Wanderwege. Ein Teil des Strandes unweit des Schiffsanlegers ist als Hundestrand ausgewiesen. Es wird keine Kurtaxe erhoben.<\/p>\n<p><strong>Ferienhaus<\/strong><br \/>\nWir hatten das gro\u00dfe Gl\u00fcck bei der Suche nach einem Ferienhaus auf <a href=\"http:\/\/www.ferieninsel-krautsand-haus-ahrens.de\/\" target=\"_blank\" rel=\"noopener\">dieses Haus<\/a> zu sto\u00dfen und haben dort auch f\u00fcr 6 Tage gebucht.<\/p>\n<p>Bei der Ankunft wurden wir von Heiko (dem Hausherrn) sehr freundlich begr\u00fc\u00dft und auch mit Tipps versorgt.<\/p>\n<p>Als wir ins Haus kamen war unser erster Eindruck: Urgem\u00fctlich, hier l\u00e4sst es sich aushalten. Auch Enya und Rike haben das Haus sofort inspiziert und f\u00fcr gut befunden.<\/p>\n<p>Auf dem Wohnzimmertisch wartete als Willkommensgruss sogar noch eine Flasche Prosecco und eine Packung Schoko Crossies.<\/p>\n<p>Direkt vor dem H\u00e4uschen ist ein kleiner Minigarten nur f\u00fcr die Bewohner des Ferienhauses angelegt. Gro\u00df genug f\u00fcr einen Tisch, St\u00fchle, eine kleine Bank und einen Grill. Aber wir durften auch den (riesig) gro\u00dfen Garten unserer Vermieter mit benutzen. Schnell das Tor zugemacht damit unsere Fellnasen auf dem Grundst\u00fcck bleiben und schon konnten sie da rumtoben, dem Ball hinterher jagen oder einfach durch die Gegend rennen. Ab und an war auch Tara (Hund der Vermieter) mit von der Partie.<\/p>\n<p><strong>Tipps<\/strong><br \/>\nKrautsand verf\u00fcgt \u00fcber keine eigenen Gesch\u00e4fte\/Superm\u00e4rkte\/B\u00e4cker etc. Zum Einkaufen mu\u00df man mal eben \u00fcber eine der Br\u00fccken Richtung Drochtersen oder Dornbusch fahren. Dann hat man aber Lidl, Rewe, Penny, Sky, Aldi, diverse B\u00e4cker, Metzger etc. pp. zur Verf\u00fcgung.<\/p>\n<p>Um morgens an frische Br\u00f6tchen zu kommen braucht man das Gottseidank aber nicht. Ca. 1,5 km vom Haus entfernt (sch\u00f6ner Spaziergang mit den Hunden) befindet sich ein Campingplatz. Dort einfach am Vortag Br\u00f6tchen bestellen (bis ca. 20 Uhr) und diese dann am Morgen abholen. Die Br\u00f6tchen stammen von einem B\u00e4cker in Drochtersen und sind superlecker (besonders die Roggenbr\u00f6tchen *schmatz*). Auch die Qualit\u00e4t ist sehr gut und man kann diese Br\u00f6tchen problemlos auch noch einen Tag sp\u00e4ter essen. Auf dem Campingplatz kann man auch andere Kleinigkeiten kaufen (wie auf der Tanke).<\/p>\n<p>Direkt am Campingplatz befindet sich das Restaurant Oberfeuer. Dort kann man sehr gut essen (Hunde sind selbstverst\u00e4ndlich willkommen) oder etwas bestellen und abholen. Die Portionen sind riesig und das Preis-\/Leistungsverh\u00e4ltnis ist top. Und lecker ist es auch noch. Mein pers\u00f6nlicher Favorit ist das Bauernfr\u00fchst\u00fcck mit gaaanz viel leckeren frischen Schinkenw\u00fcrfeln. Musste das glatt an 2 Tagen nacheinander bestellen *yummi*. Bea hatte einmal gebackene Kartoffeln (2 Riesenteile!) und einmal einen Salat und das war auch beides megalecker!<\/p>\n<p><strong>Fazit<\/strong><br \/>\nEs war einfach spitze und wir f\u00fchlten uns bei Nicole und Heiko eher wie Freunde auf Besuch und nicht wie zahlende Mieter.<\/p>\n","protected":false},"excerpt":{"rendered":"<p>Allgemeines\/Umgebung Krautsand ist eine Insel am S\u00fcdufer der Elbe zwischen Hamburg und Cuxhaven. Sie liegt ganz in der N\u00e4he der Elbf\u00e4hre Wischhafen-Gl\u00fcckstadt und ist durch 2 Br\u00fccken mit dem Festland verbunden. Die Insel verf\u00fcgt \u00fcber ca. 7 km Sandstrand und 20 km Rad- und Wanderwege. Ein Teil des Strandes unweit des Schiffsanlegers ist als Hundestrand &hellip; <a href=\"http:\/\/bw-kreativ.de\/wordpress\/norddeutschland-elbinsel-krautsand-tolles-kleines-ferienhaus\/\" class=\"more-link\"><span class=\"screen-reader-text\">Norddeutschland &#8211; Elbinsel Krautsand &#8211; tolles kleines Ferienhaus<\/span> weiterlesen <span class=\"meta-nav\">&rarr;<\/span><\/a><\/p>\n","protected":false},"author":2,"featured_media":0,"parent":0,"menu_order":0,"comment_status":"closed","ping_status":"closed","template":"","meta":{"footnotes":""},"class_list":["post-249","page","type-page","status-publish","hentry"],"yoast_head":"<!-- This site is optimized with the Yoast SEO plugin v24.6 - https:\/\/yoast.com\/wordpress\/plugins\/seo\/ -->\n<title>Norddeutschland - Elbinsel Krautsand - tolles kleines Ferienhaus - Kurzgebell 2.0<\/title>\n<meta name=\"robots\" content=\"index, follow, max-snippet:-1, max-image-preview:large, max-video-preview:-1\" \/>\n<link rel=\"canonical\" href=\"http:\/\/bw-kreativ.de\/wordpress\/norddeutschland-elbinsel-krautsand-tolles-kleines-ferienhaus\/\" \/>\n<script type=\"application\/ld+json\" class=\"yoast-schema-graph\">{\"@context\":\"https:\/\/schema.org\",\"@graph\":[{\"@type\":\"BreadcrumbList\",\"@id\":\"http:\/\/bw-kreativ.de\/wordpress\/norddeutschland-elbinsel-krautsand-tolles-kleines-ferienhaus\/#breadcrumb\",\"itemListElement\":[{\"@type\":\"ListItem\",\"position\":1,\"name\":\"Startseite\",\"item\":\"http:\/\/bw-kreativ.de\/wordpress\/\"},{\"@type\":\"ListItem\",\"position\":2,\"name\":\"Norddeutschland &#8211; Elbinsel Krautsand &#8211; tolles kleines Ferienhaus\"}]}]}<\/script>\n<!-- \/ Yoast SEO plugin. -->","yoast_head_json":{"title":"Norddeutschland - Elbinsel Krautsand - tolles kleines Ferienhaus - Kurzgebell 2.0","robots":{"index":"index","follow":"follow","max-snippet":"max-snippet:-1","max-image-preview":"max-image-preview:large","max-video-preview":"max-video-preview:-1"},"canonical":"http:\/\/bw-kreativ.de\/wordpress\/norddeutschland-elbinsel-krautsand-tolles-kleines-ferienhaus\/","schema":{"@context":"https:\/\/schema.org","@graph":[{"@type":"BreadcrumbList","@id":"http:\/\/bw-kreativ.de\/wordpress\/norddeutschland-elbinsel-krautsand-tolles-kleines-ferienhaus\/#breadcrumb","itemListElement":[{"@type":"ListItem","position":1,"name":"Startseite","item":"http:\/\/bw-kreativ.de\/wordpress\/"},{"@type":"ListItem","position":2,"name":"Norddeutschland &#8211; Elbinsel Krautsand &#8211; tolles kleines Ferienhaus"}]}]}},"_links":{"self":[{"href":"http:\/\/bw-kreativ.de\/wordpress\/wp-json\/wp\/v2\/pages\/249","targetHints":{"allow":["GET"]}}],"collection":[{"href":"http:\/\/bw-kreativ.de\/wordpress\/wp-json\/wp\/v2\/pages"}],"about":[{"href":"http:\/\/bw-kreativ.de\/wordpress\/wp-json\/wp\/v2\/types\/page"}],"author":[{"embeddable":true,"href":"http:\/\/bw-kreativ.de\/wordpress\/wp-json\/wp\/v2\/users\/2"}],"replies":[{"embeddable":true,"href":"http:\/\/bw-kreativ.de\/wordpress\/wp-json\/wp\/v2\/comments?post=249"}],"version-history":[{"count":1,"href":"http:\/\/bw-kreativ.de\/wordpress\/wp-json\/wp\/v2\/pages\/249\/revisions"}],"predecessor-version":[{"id":251,"href":"http:\/\/bw-kreativ.de\/wordpress\/wp-json\/wp\/v2\/pages\/249\/revisions\/251"}],"wp:attachment":[{"href":"http:\/\/bw-kreativ.de\/wordpress\/wp-json\/wp\/v2\/media?parent=249"}],"curies":[{"name":"wp","href":"https:\/\/api.w.org\/{rel}","templated":true}]}}