{"id":307,"date":"2017-09-03T12:52:49","date_gmt":"2017-09-03T11:52:49","guid":{"rendered":"http:\/\/bw-kreativ.de\/wordpress\/?page_id=307"},"modified":"2017-09-03T13:11:55","modified_gmt":"2017-09-03T12:11:55","slug":"besuch-bei-einer-lieben-freundin-schweiz-2017-teil-3","status":"publish","type":"page","link":"http:\/\/bw-kreativ.de\/wordpress\/besuch-bei-einer-lieben-freundin-schweiz-2017-teil-3\/","title":{"rendered":"Besuch bei einer lieben Freundin (Schweiz 2017 \u2013 Teil 3)"},"content":{"rendered":"<p>So, endlich kommen wir zu den Besuchen !!!<br \/>\n<span style=\"color: #993300;\">Be\u2026. Be\u2026 Besuchen??? Wo was??? Hat\u2019s geklingelt?? Ich hab nichts ge\u2026. Uuumpf <\/span><br \/>\nHalt die Klappe brauner Hohlkopf!! Es hat nicht geklingelt und es kommt auch kein Besuch, wir waren zu Besuch, in unseren letzten Ferien, Du erinnerst dich???<br \/>\n<span style=\"color: #993300;\">Ach sooooo, da hab ich wohl was verwechselt??<\/span><br \/>\nJaaaa\u2026\u2026. *etwas genervt* aber nur ein wenig !!!<\/p>\n<p><span style=\"color: #993300;\">Das war doch an dem Tag wo es soooo hei\u00df war, dass wir erst mal zuhause geblieben sind und unser Feriendomizil genie\u00dfen durften. <\/span><br \/>\nJa, aber gegen Abend ging es dann doch nochmal los und nach nicht allzu langer Fahrt kamen wir an einen Ort an, der mir irgendwie vertraut war, ich wusste hier war ich schon mal.<br \/>\nDie 2Beinerin die uns begr\u00fc\u00dfte ist die Dany und wir durften sie vor 2Jahren schon mal besuchen\u2026.<br \/>\n<span style=\"color: #993300;\">M\u00c4\u00c4\u00c4\u00c4\u00c4\u00c4\u00c4\u00c4 FALSCH Frau Allwissend, es waren 3 Jahre!!! <\/span><br \/>\nKlappe Hohlkopf!! Such lieber mal ein paar Bilder raus!!<\/p>\n<p><img loading=\"lazy\" decoding=\"async\" class=\"alignnone wp-image-308\" src=\"http:\/\/bw-kreativ.de\/wordpress\/wp-content\/uploads\/word-image-50.jpeg\" alt=\"\" width=\"300\" height=\"199\" srcset=\"http:\/\/bw-kreativ.de\/wordpress\/wp-content\/uploads\/word-image-50.jpeg 680w, http:\/\/bw-kreativ.de\/wordpress\/wp-content\/uploads\/word-image-50-300x199.jpeg 300w\" sizes=\"auto, (max-width: 300px) 100vw, 300px\" \/> <img loading=\"lazy\" decoding=\"async\" class=\"alignnone wp-image-309\" src=\"http:\/\/bw-kreativ.de\/wordpress\/wp-content\/uploads\/word-image-51.jpeg\" alt=\"\" width=\"300\" height=\"200\" srcset=\"http:\/\/bw-kreativ.de\/wordpress\/wp-content\/uploads\/word-image-51.jpeg 679w, http:\/\/bw-kreativ.de\/wordpress\/wp-content\/uploads\/word-image-51-300x200.jpeg 300w\" sizes=\"auto, (max-width: 300px) 100vw, 300px\" \/><br \/>\n<span style=\"color: #993300;\">Hier sind erst mal die beiden Kumpelinen die da wohnen, Debby und Lucy, die beiden sind echt klasse, leider war es auch denen viel zu hei\u00df und so haben wir alle beschlossen zu chillen und nicht zu toben. <\/span><br \/>\n<span style=\"color: #993300;\">Die 2Beiner waren mal wieder am Quatschen, wie immer, und es wurde der Grill angefeuert! <\/span><\/p>\n<p>Ha schon wieder!! Scheint so eine Art Ritual bei den 2Beinern zu sein, wenn sie zusammenhocken und quatschen, wird der Grill angefeuert, war schon bei Frauchens Papa so!!<\/p>\n<p style=\"text-align: left;\"><span style=\"color: #993300;\">Aber diesmal haben wir es schlauer angestellt, wir wollten ja alle vier auch was abbekommen, also haben wir uns auf die Lauer gelegt!! <\/span><br \/>\n<img loading=\"lazy\" decoding=\"async\" width=\"960\" height=\"540\" class=\"wp-image-310\" src=\"http:\/\/bw-kreativ.de\/wordpress\/wp-content\/uploads\/word-image-52.jpeg\" srcset=\"http:\/\/bw-kreativ.de\/wordpress\/wp-content\/uploads\/word-image-52.jpeg 960w, http:\/\/bw-kreativ.de\/wordpress\/wp-content\/uploads\/word-image-52-300x169.jpeg 300w, http:\/\/bw-kreativ.de\/wordpress\/wp-content\/uploads\/word-image-52-768x432.jpeg 768w, http:\/\/bw-kreativ.de\/wordpress\/wp-content\/uploads\/word-image-52-800x450.jpeg 800w\" sizes=\"auto, (max-width: 960px) 100vw, 960px\" \/><br \/>\n<span style=\"color: #993300;\">Lucy und ich unter dem Tisch!! \u00a0 \u00a0 \u00a0 \u00a0 \u00a0 \u00a0 \u00a0 \u00a0 \u00a0 \u00a0 \u00a0 \u00a0 \u00a0 \u00a0 \u00a0 \u00a0 \u00a0 \u00a0 \u00a0 \u00a0 \u00a0 \u00a0 \u00a0 \u00a0 \u00a0 \u00a0 \u00a0 \u00a0 \u00a0 \u00a0 \u00a0 \u00a0 \u00a0 \u00a0 \u00a0 \u00a0 \u00a0 \u00a0 \u00a0 \u00a0 \u00a0 \u00a0 \u00a0 \u00a0 \u00a0 \u00a0 \u00a0 \u00a0 \u00a0\u00a0<span style=\"color: #333399;\"><em>(Bild von: Daniela Waibel)<\/em><\/span><\/span><\/p>\n<p><img loading=\"lazy\" decoding=\"async\" width=\"960\" height=\"540\" class=\"wp-image-311\" src=\"http:\/\/bw-kreativ.de\/wordpress\/wp-content\/uploads\/word-image-53.jpeg\" srcset=\"http:\/\/bw-kreativ.de\/wordpress\/wp-content\/uploads\/word-image-53.jpeg 960w, http:\/\/bw-kreativ.de\/wordpress\/wp-content\/uploads\/word-image-53-300x169.jpeg 300w, http:\/\/bw-kreativ.de\/wordpress\/wp-content\/uploads\/word-image-53-768x432.jpeg 768w, http:\/\/bw-kreativ.de\/wordpress\/wp-content\/uploads\/word-image-53-800x450.jpeg 800w\" sizes=\"auto, (max-width: 960px) 100vw, 960px\" \/><br \/>\n<span style=\"color: #993300;\">Debby neben dem Grill!! \u00a0 \u00a0 \u00a0 \u00a0 \u00a0 \u00a0 \u00a0 \u00a0 \u00a0 \u00a0 \u00a0 \u00a0 \u00a0 \u00a0 \u00a0 \u00a0 \u00a0 \u00a0 \u00a0 \u00a0 \u00a0 \u00a0 \u00a0 \u00a0 \u00a0 \u00a0 \u00a0 \u00a0 \u00a0 \u00a0 \u00a0 \u00a0 \u00a0 \u00a0 \u00a0 \u00a0 \u00a0 \u00a0 \u00a0 \u00a0 \u00a0 \u00a0 \u00a0 \u00a0 \u00a0 \u00a0 \u00a0 \u00a0 \u00a0 \u00a0 \u00a0 \u00a0 \u00a0 \u00a0 \u00a0 \u00a0<span style=\"color: #333399;\"><em>(Bild von: Daniela Waibel)<\/em><\/span><\/span><\/p>\n<p><img loading=\"lazy\" decoding=\"async\" width=\"897\" height=\"596\" class=\"wp-image-312\" src=\"http:\/\/bw-kreativ.de\/wordpress\/wp-content\/uploads\/word-image-54.jpeg\" srcset=\"http:\/\/bw-kreativ.de\/wordpress\/wp-content\/uploads\/word-image-54.jpeg 897w, http:\/\/bw-kreativ.de\/wordpress\/wp-content\/uploads\/word-image-54-300x199.jpeg 300w, http:\/\/bw-kreativ.de\/wordpress\/wp-content\/uploads\/word-image-54-768x510.jpeg 768w, http:\/\/bw-kreativ.de\/wordpress\/wp-content\/uploads\/word-image-54-800x532.jpeg 800w\" sizes=\"auto, (max-width: 897px) 100vw, 897px\" \/><br \/>\n<span style=\"color: #993300;\">Nur Rike brauchte mal wieder eine Extrawurst!!! <\/span><\/p>\n<p>Ich \u2026. Ich \u2026\u2026 ich habe nur einen Platz gew\u00e4hlt an dem ich alles \u00fcberblicken konnte und alle im Auge hatte, besonders Euch drei!!<\/p>\n<p><span style=\"color: #993300;\">Ha, guck mal Rike, da macht Dir aber Debby noch was vor\u2026..<\/span><img loading=\"lazy\" decoding=\"async\" width=\"831\" height=\"553\" class=\"wp-image-313\" src=\"http:\/\/bw-kreativ.de\/wordpress\/wp-content\/uploads\/word-image-55.jpeg\" srcset=\"http:\/\/bw-kreativ.de\/wordpress\/wp-content\/uploads\/word-image-55.jpeg 831w, http:\/\/bw-kreativ.de\/wordpress\/wp-content\/uploads\/word-image-55-300x200.jpeg 300w, http:\/\/bw-kreativ.de\/wordpress\/wp-content\/uploads\/word-image-55-768x511.jpeg 768w, http:\/\/bw-kreativ.de\/wordpress\/wp-content\/uploads\/word-image-55-800x532.jpeg 800w\" sizes=\"auto, (max-width: 831px) 100vw, 831px\" \/><span style=\"color: #993300;\">\u2026.. die hat sich oben auf den Treppenabsatz gelegt, und hatte wirklich alles im Blick! <\/span><br \/>\n<span style=\"color: #000000;\"> Ha\u2026\u2026 so viel also zum Grill bewachen!!!<\/span><br \/>\n<span style=\"color: #993300;\"> Na verst\u00e4ndlich, 32\u00b0 Lufttemperatur, Grill noch hei\u00dfer, ich w\u00e4re da auch nicht geblieben!! <\/span><\/p>\n<p>Ok, da hast Du ausnahmsweise mal Recht Flanna!! Aber eines m\u00fcssen wir jetzt doch noch erw\u00e4hnen! <span style=\"color: #993300;\">Was? Das wir wiedermal nichts abbekommen haben? Die 2Beiner sind ja auch sowas von verfressen!!! <\/span><\/p>\n<p>Nein, die klasse Trinkgelegenheit, wo immer frisches Wasser sprudelte! Ich liebe doch frisches Wasser!!!<br \/>\n<a href=\"http:\/\/bw-kreativ.de\/wordpress\/wp-content\/uploads\/trinkbrunnen.jpg\"><img loading=\"lazy\" decoding=\"async\" class=\"alignnone wp-image-319\" src=\"http:\/\/bw-kreativ.de\/wordpress\/wp-content\/uploads\/trinkbrunnen-167x300.jpg\" alt=\"\" width=\"127\" height=\"230\" data-wp-pid=\"319\" \/><br \/>\n<\/a><span style=\"color: #000080;\"><i>(Bild von: Daniela Waibel)<\/i><\/span><br \/>\n<span style=\"color: #993300;\">Ach jaaaa, der Rike-Brunnen, schade das Frauchen da kein Foto von uns gemacht hat!! Ja der war wirklich Klasse!!<\/span><\/p>\n<p>Jup, war er, und deshalb m\u00fcssen wir jetzt auch Schluss machen!!<br \/>\n<span style=\"color: #993300;\">Wieso denn das Rike?! <\/span><br \/>\nWeil ich Frauchen belabern muss, ich will auch so einen!!<br \/>\n<span style=\"color: #993300;\">Ja das w\u00e4re schon cool, aber viel\u2026viel gr\u00f6sser, so dass man sich reinlegen k\u00f6nnte und dann das Wasser von oben in die Schnauze sprudelt hihi, das w\u00e4re ganz nach meinem Geschmack!! <\/span><\/p>\n<p>Also dann bis n\u00e4chste Woche, wo dann unser letzter Besuch ansteht, der auch megagut war!!<\/p>\n<p>Tsch\u00fcssikovski sagen<br \/>\n<span style=\"color: #993300;\">Flanna Neufundi<\/span> und Rike Neuberner<\/p>\n<p>&nbsp;<\/p>\n","protected":false},"excerpt":{"rendered":"<p>So, endlich kommen wir zu den Besuchen !!! Be\u2026. Be\u2026 Besuchen??? Wo was??? Hat\u2019s geklingelt?? Ich hab nichts ge\u2026. Uuumpf Halt die Klappe brauner Hohlkopf!! Es hat nicht geklingelt und es kommt auch kein Besuch, wir waren zu Besuch, in unseren letzten Ferien, Du erinnerst dich??? Ach sooooo, da hab ich wohl was verwechselt?? Jaaaa\u2026\u2026. &hellip; <a href=\"http:\/\/bw-kreativ.de\/wordpress\/besuch-bei-einer-lieben-freundin-schweiz-2017-teil-3\/\" class=\"more-link\"><span class=\"screen-reader-text\">Besuch bei einer lieben Freundin (Schweiz 2017 \u2013 Teil 3)<\/span> weiterlesen <span class=\"meta-nav\">&rarr;<\/span><\/a><\/p>\n","protected":false},"author":2,"featured_media":314,"parent":0,"menu_order":0,"comment_status":"open","ping_status":"closed","template":"","meta":{"footnotes":""},"class_list":["post-307","page","type-page","status-publish","has-post-thumbnail","hentry"],"yoast_head":"<!-- This site is optimized with the Yoast SEO plugin v24.6 - https:\/\/yoast.com\/wordpress\/plugins\/seo\/ -->\n<title>Besuch bei einer lieben Freundin (Schweiz 2017 \u2013 Teil 3) - Kurzgebell 2.0<\/title>\n<meta name=\"robots\" content=\"index, follow, max-snippet:-1, max-image-preview:large, max-video-preview:-1\" \/>\n<link rel=\"canonical\" href=\"http:\/\/bw-kreativ.de\/wordpress\/besuch-bei-einer-lieben-freundin-schweiz-2017-teil-3\/\" \/>\n<script type=\"application\/ld+json\" class=\"yoast-schema-graph\">{\"@context\":\"https:\/\/schema.org\",\"@graph\":[{\"@type\":\"BreadcrumbList\",\"@id\":\"http:\/\/bw-kreativ.de\/wordpress\/besuch-bei-einer-lieben-freundin-schweiz-2017-teil-3\/#breadcrumb\",\"itemListElement\":[{\"@type\":\"ListItem\",\"position\":1,\"name\":\"Startseite\",\"item\":\"http:\/\/bw-kreativ.de\/wordpress\/\"},{\"@type\":\"ListItem\",\"position\":2,\"name\":\"Besuch bei einer lieben Freundin (Schweiz 2017 \u2013 Teil 3)\"}]}]}<\/script>\n<!-- \/ Yoast SEO plugin. -->","yoast_head_json":{"title":"Besuch bei einer lieben Freundin (Schweiz 2017 \u2013 Teil 3) - Kurzgebell 2.0","robots":{"index":"index","follow":"follow","max-snippet":"max-snippet:-1","max-image-preview":"max-image-preview:large","max-video-preview":"max-video-preview:-1"},"canonical":"http:\/\/bw-kreativ.de\/wordpress\/besuch-bei-einer-lieben-freundin-schweiz-2017-teil-3\/","schema":{"@context":"https:\/\/schema.org","@graph":[{"@type":"BreadcrumbList","@id":"http:\/\/bw-kreativ.de\/wordpress\/besuch-bei-einer-lieben-freundin-schweiz-2017-teil-3\/#breadcrumb","itemListElement":[{"@type":"ListItem","position":1,"name":"Startseite","item":"http:\/\/bw-kreativ.de\/wordpress\/"},{"@type":"ListItem","position":2,"name":"Besuch bei einer lieben Freundin (Schweiz 2017 \u2013 Teil 3)"}]}]}},"_links":{"self":[{"href":"http:\/\/bw-kreativ.de\/wordpress\/wp-json\/wp\/v2\/pages\/307","targetHints":{"allow":["GET"]}}],"collection":[{"href":"http:\/\/bw-kreativ.de\/wordpress\/wp-json\/wp\/v2\/pages"}],"about":[{"href":"http:\/\/bw-kreativ.de\/wordpress\/wp-json\/wp\/v2\/types\/page"}],"author":[{"embeddable":true,"href":"http:\/\/bw-kreativ.de\/wordpress\/wp-json\/wp\/v2\/users\/2"}],"replies":[{"embeddable":true,"href":"http:\/\/bw-kreativ.de\/wordpress\/wp-json\/wp\/v2\/comments?post=307"}],"version-history":[{"count":7,"href":"http:\/\/bw-kreativ.de\/wordpress\/wp-json\/wp\/v2\/pages\/307\/revisions"}],"predecessor-version":[{"id":323,"href":"http:\/\/bw-kreativ.de\/wordpress\/wp-json\/wp\/v2\/pages\/307\/revisions\/323"}],"wp:featuredmedia":[{"embeddable":true,"href":"http:\/\/bw-kreativ.de\/wordpress\/wp-json\/wp\/v2\/media\/314"}],"wp:attachment":[{"href":"http:\/\/bw-kreativ.de\/wordpress\/wp-json\/wp\/v2\/media?parent=307"}],"curies":[{"name":"wp","href":"https:\/\/api.w.org\/{rel}","templated":true}]}}