{"id":325,"date":"2017-09-10T13:13:43","date_gmt":"2017-09-10T12:13:43","guid":{"rendered":"http:\/\/bw-kreativ.de\/wordpress\/?page_id=325"},"modified":"2017-09-10T13:13:43","modified_gmt":"2017-09-10T12:13:43","slug":"noch-ein-besuch-bei-lieben-freunden-schweiz-2017-teil-4","status":"publish","type":"page","link":"http:\/\/bw-kreativ.de\/wordpress\/noch-ein-besuch-bei-lieben-freunden-schweiz-2017-teil-4\/","title":{"rendered":"Noch ein Besuch bei lieben Freunden (Schweiz 2017 \u2013 Teil 4)"},"content":{"rendered":"<p><span style=\"color: #993300;\">Dumm di dumm dummdi dumm\u2026.. Rike; Zeit f\u00fcr Teil Vier der Ferienerlebnisse!! <\/span><br \/>\nH\u00e4\u00e4\u00e4\u00e4 was ist ??<br \/>\n<span style=\"color: #993300;\">H\u00f6rst Du schlecht? Brauchst wohl wieder Deinen H\u00f6rtrichter??<\/span><img loading=\"lazy\" decoding=\"async\" width=\"818\" height=\"543\" class=\"wp-image-326\" src=\"http:\/\/bw-kreativ.de\/wordpress\/wp-content\/uploads\/word-image-56.jpeg\" srcset=\"http:\/\/bw-kreativ.de\/wordpress\/wp-content\/uploads\/word-image-56.jpeg 818w, http:\/\/bw-kreativ.de\/wordpress\/wp-content\/uploads\/word-image-56-300x199.jpeg 300w, http:\/\/bw-kreativ.de\/wordpress\/wp-content\/uploads\/word-image-56-768x510.jpeg 768w, http:\/\/bw-kreativ.de\/wordpress\/wp-content\/uploads\/word-image-56-800x531.jpeg 800w\" sizes=\"auto, (max-width: 818px) 100vw, 818px\" \/>Ich geb Dir gleich H\u00f6hrtrichter, ich hatte einen Unfall und war verletzt *entr\u00fcstet guckt*<\/p>\n<p><span style=\"color: #993300;\">Hahaha, das ist wenn man mit den Kopf durch die Wand\u2026\u2026\u00e4h Hecke will!!! <\/span><br \/>\n<span style=\"color: #993300;\"> Aber nun mal von Anfang an!!<\/span><br \/>\nJa und keine Witze mehr \u00fcber mein H\u00f6ren!!<br \/>\n<span style=\"color: #993300;\">Hihi nein nicht gleich!! <\/span><br \/>\n<span style=\"color: #993300;\"> Also am letzten Tag bevor es wieder nach Hause ging war nochmal ein Besuch bei Freunden und einer Kumpeline angesagt! <\/span><br \/>\n<span style=\"color: #993300;\"> Wiedermal rinn ins Auto und fahren, ankommen und staunen, wo sind wir denn hier gelandet. <\/span><br \/>\nGestaunt hab ich auch, da war ein riesiges Haus und ein genau so gro\u00dfer Parkplatz, wir wollten doch Freunde besuchen??<br \/>\n<span style=\"color: #993300;\">Zum Gl\u00fcck haben wir dann den Riesenkasten links liegen lassen, und sind von einem 2Beiner freundlich begr\u00fc\u00dft und in einen gem\u00fctlichen Garten gef\u00fchrt worden!<\/span><br \/>\n<img loading=\"lazy\" decoding=\"async\" class=\"alignnone wp-image-327\" src=\"http:\/\/bw-kreativ.de\/wordpress\/wp-content\/uploads\/word-image-57.jpeg\" alt=\"\" width=\"300\" height=\"200\" srcset=\"http:\/\/bw-kreativ.de\/wordpress\/wp-content\/uploads\/word-image-57.jpeg 679w, http:\/\/bw-kreativ.de\/wordpress\/wp-content\/uploads\/word-image-57-300x200.jpeg 300w\" sizes=\"auto, (max-width: 300px) 100vw, 300px\" \/> <img loading=\"lazy\" decoding=\"async\" class=\"alignnone wp-image-328\" src=\"http:\/\/bw-kreativ.de\/wordpress\/wp-content\/uploads\/word-image-58.jpeg\" alt=\"\" width=\"300\" height=\"200\" srcset=\"http:\/\/bw-kreativ.de\/wordpress\/wp-content\/uploads\/word-image-58.jpeg 672w, http:\/\/bw-kreativ.de\/wordpress\/wp-content\/uploads\/word-image-58-300x200.jpeg 300w\" sizes=\"auto, (max-width: 300px) 100vw, 300px\" \/> <span style=\"color: #993300;\">Da begr\u00fc\u00dfte uns dann auch Nanook! <\/span><\/p>\n<p>Ja, und dann begann es wieder\u2026\u2026das lange Palaver der 2Beiner\u2026..endlos!!<br \/>\n<span style=\"color: #993300;\">Wei\u00dft Du Rike was dabei komisch war?? <\/span><br \/>\nNeee was?!<br \/>\n<span style=\"color: #993300;\">Ich hab Frauchen mal wieder nicht verstanden! <\/span><br \/>\nDas tust Du ja \u00f6fters, vor allem wenn Du an der Leine ziehst und sie sagt langsam!!<br \/>\n<span style=\"color: #993300;\">Das mein ich nicht, da h\u00f6r ich einfach nicht hin, ich \u00fcberh\u00f6r das!! <\/span><br \/>\nAha dann brauchst Du einen H\u00f6rtrichter!!<br \/>\n<span style=\"color: #993300;\">Nein, ich meinte Frauchen hat da in einer komischen Sprache geredet, so wie bei ihrem Papa!! <\/span><br \/>\n<img loading=\"lazy\" decoding=\"async\" class=\"alignnone wp-image-329\" src=\"http:\/\/bw-kreativ.de\/wordpress\/wp-content\/uploads\/word-image-59.jpeg\" alt=\"\" width=\"300\" height=\"199\" srcset=\"http:\/\/bw-kreativ.de\/wordpress\/wp-content\/uploads\/word-image-59.jpeg 673w, http:\/\/bw-kreativ.de\/wordpress\/wp-content\/uploads\/word-image-59-300x199.jpeg 300w\" sizes=\"auto, (max-width: 300px) 100vw, 300px\" \/> <img loading=\"lazy\" decoding=\"async\" class=\"alignnone wp-image-330\" src=\"http:\/\/bw-kreativ.de\/wordpress\/wp-content\/uploads\/word-image-60.jpeg\" alt=\"\" width=\"300\" height=\"199\" srcset=\"http:\/\/bw-kreativ.de\/wordpress\/wp-content\/uploads\/word-image-60.jpeg 688w, http:\/\/bw-kreativ.de\/wordpress\/wp-content\/uploads\/word-image-60-300x199.jpeg 300w\" sizes=\"auto, (max-width: 300px) 100vw, 300px\" \/><br \/>\nDas ist die Schweizer Sprache Flanna, die klingt f\u00fcr mich immer so als ob die einander anknurren!! Witzig fand ich ja auch das Herrchen und unser 2beiniger Gastgeber, der Danny, feststellten das sie schon mal vor vielen Jahren beruflich miteinander zu tun hatten.<br \/>\n<span style=\"color: #993300;\">Ja, und das Herrchen und Frauchen sich genauso kennengelernt haben wie das Herrchen und Frauchen von Nanook.<\/span><\/p>\n<p><span style=\"color: #993300;\">Die 2Beiner haben also mal wieder palavert und es kam wie es kommen musste, ihr ahnt es sicher schon \u2026\u2026\u2026. der Grill wurde angefeuert!!! <\/span><br \/>\nHaha stimmt, 2Beiner x Blabla = Grill hihi und diesmal gab es W\u00fcrste f\u00fcr uns \u2026\u2026\u2026\u2026.. fiel dabei auch etwas ab!!!<\/p>\n<p><span style=\"color: #993300;\">Und wie die so am Essen waren, hat man dich pl\u00f6tzlich au\u00dferhalb des Gartens Bellen h\u00f6ren. Da kam aber Schwung in die 2Beiner!! <\/span><br \/>\nHa Du warst aber auch drau\u00dfen!<br \/>\n<span style=\"color: #993300;\">Na ja einer muss ja auf Dich aufpassen, wenn Du schon Kopf voran durch die Hecke gehst!! Das alles wegen so einem kleinen H\u00fcndchen!! <\/span><br \/>\nJa und dabei hab ich mich verletzt, also hab Mitleid mit mir!!<br \/>\n<span style=\"color: #993300;\">Mit.. was?? Hihi nee, selber schuld, dass Du nachher mit der Fl\u00fcstert\u00fcte rumlaufen musstest!!! <\/span><\/p>\n<p><img loading=\"lazy\" decoding=\"async\" class=\"alignnone wp-image-331\" src=\"http:\/\/bw-kreativ.de\/wordpress\/wp-content\/uploads\/word-image-61.jpeg\" alt=\"\" width=\"300\" height=\"200\" srcset=\"http:\/\/bw-kreativ.de\/wordpress\/wp-content\/uploads\/word-image-61.jpeg 672w, http:\/\/bw-kreativ.de\/wordpress\/wp-content\/uploads\/word-image-61-300x200.jpeg 300w\" sizes=\"auto, (max-width: 300px) 100vw, 300px\" \/> <img loading=\"lazy\" decoding=\"async\" class=\"alignnone wp-image-332\" src=\"http:\/\/bw-kreativ.de\/wordpress\/wp-content\/uploads\/word-image-62.jpeg\" alt=\"\" width=\"300\" height=\"200\" srcset=\"http:\/\/bw-kreativ.de\/wordpress\/wp-content\/uploads\/word-image-62.jpeg 675w, http:\/\/bw-kreativ.de\/wordpress\/wp-content\/uploads\/word-image-62-300x200.jpeg 300w\" sizes=\"auto, (max-width: 300px) 100vw, 300px\" \/><br \/>\n<span style=\"color: #993300;\">Ich fand ja das anschlie\u00dfende Toben mit Nanook viel besser, hat richtig Spa\u00df gemacht!!! <\/span><\/p>\n<p>Also ich hatte mehr Gefallen an den vielen Leckereien die wir bekamen, dazu muss ich nicht wie wild herumrennen!<br \/>\n<span style=\"color: #993300;\">Ja ja Schwarze, das Alter! *kichert* <\/span><br \/>\nWAS???!!!!<br \/>\n<span style=\"color: #993300;\">Siehste brauchst doch wieder Fl\u00fcstert\u00fcte, im Alter nimmt das H\u00f6rverm\u00f6gen eben ab haha!! <\/span><br \/>\nGleich bekommst Du was zu h\u00f6ren, na warte\u2026\u2026.bleib stehen\u2026..<\/p>\n<p><span style=\"color: #993300;\">STOOOOOP!! Rike, wir m\u00fcssen uns noch verabschieden!! <\/span><br \/>\nOK, aber dann\u2026\u2026\u2026<br \/>\n<span style=\"color: #993300;\">Erst mal noch ein Foto von uns Dreien <\/span><br \/>\n<img loading=\"lazy\" decoding=\"async\" width=\"1387\" height=\"922\" class=\"wp-image-333\" src=\"http:\/\/bw-kreativ.de\/wordpress\/wp-content\/uploads\/word-image-63.jpeg\" srcset=\"http:\/\/bw-kreativ.de\/wordpress\/wp-content\/uploads\/word-image-63.jpeg 1387w, http:\/\/bw-kreativ.de\/wordpress\/wp-content\/uploads\/word-image-63-300x199.jpeg 300w, http:\/\/bw-kreativ.de\/wordpress\/wp-content\/uploads\/word-image-63-768x511.jpeg 768w, http:\/\/bw-kreativ.de\/wordpress\/wp-content\/uploads\/word-image-63-1024x681.jpeg 1024w, http:\/\/bw-kreativ.de\/wordpress\/wp-content\/uploads\/word-image-63-800x532.jpeg 800w\" sizes=\"auto, (max-width: 1387px) 100vw, 1387px\" \/><br \/>\nUnd jede guckt in eine andere Richtung *grinst* aber es waren echt klasse Ferien und ein gelungener Abschluss, stimmt\u2018s Flanna?<br \/>\n<span style=\"color: #993300;\">Jaaa, so etwas d\u00fcrften wir ruhig \u00f6fters machen, mit vielen Besuchen bei Hundekumpels *seufz* <\/span><br \/>\nJup, und die 2Beiner d\u00fcrften dann ruhig jedes Mal den Grill anschmei\u00dfen, solange f\u00fcr uns eine Wurst abf\u00e4llt hihi!!<\/p>\n<p>Es sagen Tsch\u00fcssikovski<br \/>\n<span style=\"color: #993300;\">Flanna Neufundi<\/span> und Rike Neuberner<\/p>\n","protected":false},"excerpt":{"rendered":"<p>Dumm di dumm dummdi dumm\u2026.. Rike; Zeit f\u00fcr Teil Vier der Ferienerlebnisse!! H\u00e4\u00e4\u00e4\u00e4 was ist ?? H\u00f6rst Du schlecht? Brauchst wohl wieder Deinen H\u00f6rtrichter??Ich geb Dir gleich H\u00f6hrtrichter, ich hatte einen Unfall und war verletzt *entr\u00fcstet guckt* Hahaha, das ist wenn man mit den Kopf durch die Wand\u2026\u2026\u00e4h Hecke will!!! Aber nun mal von Anfang &hellip; <a href=\"http:\/\/bw-kreativ.de\/wordpress\/noch-ein-besuch-bei-lieben-freunden-schweiz-2017-teil-4\/\" class=\"more-link\"><span class=\"screen-reader-text\">Noch ein Besuch bei lieben Freunden (Schweiz 2017 \u2013 Teil 4)<\/span> weiterlesen <span class=\"meta-nav\">&rarr;<\/span><\/a><\/p>\n","protected":false},"author":2,"featured_media":0,"parent":0,"menu_order":0,"comment_status":"open","ping_status":"closed","template":"","meta":{"footnotes":""},"class_list":["post-325","page","type-page","status-publish","hentry"],"yoast_head":"<!-- This site is optimized with the Yoast SEO plugin v24.6 - https:\/\/yoast.com\/wordpress\/plugins\/seo\/ -->\n<title>Noch ein Besuch bei lieben Freunden (Schweiz 2017 \u2013 Teil 4) - Kurzgebell 2.0<\/title>\n<meta name=\"robots\" content=\"index, follow, max-snippet:-1, max-image-preview:large, max-video-preview:-1\" \/>\n<link rel=\"canonical\" href=\"http:\/\/bw-kreativ.de\/wordpress\/noch-ein-besuch-bei-lieben-freunden-schweiz-2017-teil-4\/\" \/>\n<script type=\"application\/ld+json\" class=\"yoast-schema-graph\">{\"@context\":\"https:\/\/schema.org\",\"@graph\":[{\"@type\":\"BreadcrumbList\",\"@id\":\"http:\/\/bw-kreativ.de\/wordpress\/noch-ein-besuch-bei-lieben-freunden-schweiz-2017-teil-4\/#breadcrumb\",\"itemListElement\":[{\"@type\":\"ListItem\",\"position\":1,\"name\":\"Startseite\",\"item\":\"http:\/\/bw-kreativ.de\/wordpress\/\"},{\"@type\":\"ListItem\",\"position\":2,\"name\":\"Noch ein Besuch bei lieben Freunden (Schweiz 2017 \u2013 Teil 4)\"}]}]}<\/script>\n<!-- \/ Yoast SEO plugin. -->","yoast_head_json":{"title":"Noch ein Besuch bei lieben Freunden (Schweiz 2017 \u2013 Teil 4) - Kurzgebell 2.0","robots":{"index":"index","follow":"follow","max-snippet":"max-snippet:-1","max-image-preview":"max-image-preview:large","max-video-preview":"max-video-preview:-1"},"canonical":"http:\/\/bw-kreativ.de\/wordpress\/noch-ein-besuch-bei-lieben-freunden-schweiz-2017-teil-4\/","schema":{"@context":"https:\/\/schema.org","@graph":[{"@type":"BreadcrumbList","@id":"http:\/\/bw-kreativ.de\/wordpress\/noch-ein-besuch-bei-lieben-freunden-schweiz-2017-teil-4\/#breadcrumb","itemListElement":[{"@type":"ListItem","position":1,"name":"Startseite","item":"http:\/\/bw-kreativ.de\/wordpress\/"},{"@type":"ListItem","position":2,"name":"Noch ein Besuch bei lieben Freunden (Schweiz 2017 \u2013 Teil 4)"}]}]}},"_links":{"self":[{"href":"http:\/\/bw-kreativ.de\/wordpress\/wp-json\/wp\/v2\/pages\/325","targetHints":{"allow":["GET"]}}],"collection":[{"href":"http:\/\/bw-kreativ.de\/wordpress\/wp-json\/wp\/v2\/pages"}],"about":[{"href":"http:\/\/bw-kreativ.de\/wordpress\/wp-json\/wp\/v2\/types\/page"}],"author":[{"embeddable":true,"href":"http:\/\/bw-kreativ.de\/wordpress\/wp-json\/wp\/v2\/users\/2"}],"replies":[{"embeddable":true,"href":"http:\/\/bw-kreativ.de\/wordpress\/wp-json\/wp\/v2\/comments?post=325"}],"version-history":[{"count":1,"href":"http:\/\/bw-kreativ.de\/wordpress\/wp-json\/wp\/v2\/pages\/325\/revisions"}],"predecessor-version":[{"id":335,"href":"http:\/\/bw-kreativ.de\/wordpress\/wp-json\/wp\/v2\/pages\/325\/revisions\/335"}],"wp:attachment":[{"href":"http:\/\/bw-kreativ.de\/wordpress\/wp-json\/wp\/v2\/media?parent=325"}],"curies":[{"name":"wp","href":"https:\/\/api.w.org\/{rel}","templated":true}]}}