{"id":397,"date":"2019-04-28T13:21:57","date_gmt":"2019-04-28T12:21:57","guid":{"rendered":"http:\/\/bw-kreativ.de\/wordpress\/?page_id=397"},"modified":"2019-04-28T13:21:58","modified_gmt":"2019-04-28T12:21:58","slug":"fischach-wo-hund-und-mensch-willkommen-sind","status":"publish","type":"page","link":"http:\/\/bw-kreativ.de\/wordpress\/fischach-wo-hund-und-mensch-willkommen-sind\/","title":{"rendered":"Fischach \u2013 Wo Hund und Mensch Willkommen sind"},"content":{"rendered":"<p>Manchmal f\u00fchrt einen auch die Arbeit an sch\u00f6nen Flecken f\u00fcr Mensch und Tier. So geschehen als ich beruflich f\u00fcr eine Woche nach Augsburg musste und Frau und Hunde mitnehmen wollte. Im Netz stie\u00df ich dann auf ein gem\u00fctlich aussehendes Ferienhaus in Fischach, direkt vor den Toren der Fuggerstadt. Um es vorweg zu nehmen, dieses Haus stellte sich als absoluter Gl\u00fcckstreffen heraus.<\/p>\n<p><strong>Lage\/Umgebung<\/strong><\/p>\n<p>Fischach, der Hauptort des Marktes Fischach befindet sich mit seinen knapp 5000 Einwohnern im H\u00fcgelland des Naturparks Westliche W\u00e4lder s\u00fcdlich von Augsburg auf einer H\u00f6he von 495 m \u00fcber dem Meersspiegel.<\/p>\n<p>Fischach war bis in das 14. Jahrhundert Sitz eines alten Ortsadelgeschlechts, der Herren von Fischach. Diese waren Ministerialen der bisch\u00f6flichen Augsburger Schirmv\u00f6gte, der Herren von Schwabegg. Im Zuge der S\u00e4kularisation kam der Ort 1803 an das Kurf\u00fcrstentum Bayern. Von 1862 bis 1929 geh\u00f6rte Fischach zum Bezirksamt Zusmarshausen und ab 1929 zum Bezirksamt Augsburg, das ab 1939 als Landkreis Augsburg bezeichnet wurde. Die Markterhebung erfolgte 1952.<\/p>\n<p>Der Naturpark Augsburg \u2013 Westliche W\u00e4lder, vor den Toren Augsburgs und keine Autostunde von M\u00fcnchen entfernt, ist Mittelschwabens einziger Naturpark. Er wird umgrenzt von den Fl\u00fcssen Wertach bzw. Schmutter im Osten, Mindel im Westen und Donau im Norden. Er liegt im Alpenvorland, im \u201eMittelschw\u00e4bischen Schotterriedel- und H\u00fcgelland\u201c. Typisch ist der Wechsel von bewaldeten H\u00f6hen und landwirtschaftlich genutzten Bacht\u00e4lern, in denen die meisten der insgesamt 300 Ortschaften liegen.<\/p>\n<p><strong>Das Ferienhaus<\/strong><\/p>\n<p>In einer ruhigen Wohngegend, unmittelbar am Ortszentrum liegt dieses\u00a0<a href=\"http:\/\/ferienwohnung-augsburg.de\/ferienwohnung-fischach\/\">gem\u00fctliche Haus<\/a>\u00a0. Auf \u00fcber 2 Etagen verteilen sich der Wohn-Essbereich mit seiner offenen K\u00fcche, ein sehr ger\u00e4umiges Bad mit Dusche und Badewanne sowie 3,5 Schlafzimmer mit insgesamt 7 Betten. Ein Ort wo man sich auch mit mehreren Leuten (und Hunden) neufiwohl f\u00fchlen kann.<\/p>\n<p><img loading=\"lazy\" decoding=\"async\" width=\"1686\" height=\"1125\" class=\"wp-image-398\" src=\"http:\/\/bw-kreativ.de\/wordpress\/wp-content\/uploads\/word-image-79.jpeg\" srcset=\"http:\/\/bw-kreativ.de\/wordpress\/wp-content\/uploads\/word-image-79.jpeg 1686w, http:\/\/bw-kreativ.de\/wordpress\/wp-content\/uploads\/word-image-79-300x200.jpeg 300w, http:\/\/bw-kreativ.de\/wordpress\/wp-content\/uploads\/word-image-79-768x512.jpeg 768w, http:\/\/bw-kreativ.de\/wordpress\/wp-content\/uploads\/word-image-79-1024x683.jpeg 1024w, http:\/\/bw-kreativ.de\/wordpress\/wp-content\/uploads\/word-image-79-800x534.jpeg 800w\" sizes=\"auto, (max-width: 1686px) 100vw, 1686px\" \/><\/p>\n<p>Im Erdgeschoss befinden sich das gro\u00dfe Wohn-\/Esszimmer\u00a0, <img loading=\"lazy\" decoding=\"async\" width=\"1686\" height=\"1125\" class=\"wp-image-399\" src=\"http:\/\/bw-kreativ.de\/wordpress\/wp-content\/uploads\/word-image-80.jpeg\" srcset=\"http:\/\/bw-kreativ.de\/wordpress\/wp-content\/uploads\/word-image-80.jpeg 1686w, http:\/\/bw-kreativ.de\/wordpress\/wp-content\/uploads\/word-image-80-300x200.jpeg 300w, http:\/\/bw-kreativ.de\/wordpress\/wp-content\/uploads\/word-image-80-768x512.jpeg 768w, http:\/\/bw-kreativ.de\/wordpress\/wp-content\/uploads\/word-image-80-1024x683.jpeg 1024w, http:\/\/bw-kreativ.de\/wordpress\/wp-content\/uploads\/word-image-80-800x534.jpeg 800w\" sizes=\"auto, (max-width: 1686px) 100vw, 1686px\" \/><\/p>\n<p>mit der offenen K\u00fcche incl. Kochinsel <br \/><img loading=\"lazy\" decoding=\"async\" width=\"1686\" height=\"1125\" class=\"wp-image-400\" src=\"http:\/\/bw-kreativ.de\/wordpress\/wp-content\/uploads\/word-image-81.jpeg\" srcset=\"http:\/\/bw-kreativ.de\/wordpress\/wp-content\/uploads\/word-image-81.jpeg 1686w, http:\/\/bw-kreativ.de\/wordpress\/wp-content\/uploads\/word-image-81-300x200.jpeg 300w, http:\/\/bw-kreativ.de\/wordpress\/wp-content\/uploads\/word-image-81-768x512.jpeg 768w, http:\/\/bw-kreativ.de\/wordpress\/wp-content\/uploads\/word-image-81-1024x683.jpeg 1024w, http:\/\/bw-kreativ.de\/wordpress\/wp-content\/uploads\/word-image-81-800x534.jpeg 800w\" sizes=\"auto, (max-width: 1686px) 100vw, 1686px\" \/><\/p>\n<p><img loading=\"lazy\" decoding=\"async\" width=\"1686\" height=\"1125\" class=\"wp-image-401\" src=\"http:\/\/bw-kreativ.de\/wordpress\/wp-content\/uploads\/word-image-82.jpeg\" srcset=\"http:\/\/bw-kreativ.de\/wordpress\/wp-content\/uploads\/word-image-82.jpeg 1686w, http:\/\/bw-kreativ.de\/wordpress\/wp-content\/uploads\/word-image-82-300x200.jpeg 300w, http:\/\/bw-kreativ.de\/wordpress\/wp-content\/uploads\/word-image-82-768x512.jpeg 768w, http:\/\/bw-kreativ.de\/wordpress\/wp-content\/uploads\/word-image-82-1024x683.jpeg 1024w, http:\/\/bw-kreativ.de\/wordpress\/wp-content\/uploads\/word-image-82-800x534.jpeg 800w\" sizes=\"auto, (max-width: 1686px) 100vw, 1686px\" \/><\/p>\n<p>Sowie das Bad <br \/><img loading=\"lazy\" decoding=\"async\" width=\"1686\" height=\"1125\" class=\"wp-image-403\" src=\"http:\/\/bw-kreativ.de\/wordpress\/wp-content\/uploads\/word-image-84.jpeg\" srcset=\"http:\/\/bw-kreativ.de\/wordpress\/wp-content\/uploads\/word-image-84.jpeg 1686w, http:\/\/bw-kreativ.de\/wordpress\/wp-content\/uploads\/word-image-84-300x200.jpeg 300w, http:\/\/bw-kreativ.de\/wordpress\/wp-content\/uploads\/word-image-84-768x512.jpeg 768w, http:\/\/bw-kreativ.de\/wordpress\/wp-content\/uploads\/word-image-84-1024x683.jpeg 1024w, http:\/\/bw-kreativ.de\/wordpress\/wp-content\/uploads\/word-image-84-800x534.jpeg 800w\" sizes=\"auto, (max-width: 1686px) 100vw, 1686px\" \/><\/p>\n<p><img loading=\"lazy\" decoding=\"async\" width=\"1686\" height=\"1125\" class=\"wp-image-405\" src=\"http:\/\/bw-kreativ.de\/wordpress\/wp-content\/uploads\/word-image-86.jpeg\" srcset=\"http:\/\/bw-kreativ.de\/wordpress\/wp-content\/uploads\/word-image-86.jpeg 1686w, http:\/\/bw-kreativ.de\/wordpress\/wp-content\/uploads\/word-image-86-300x200.jpeg 300w, http:\/\/bw-kreativ.de\/wordpress\/wp-content\/uploads\/word-image-86-768x512.jpeg 768w, http:\/\/bw-kreativ.de\/wordpress\/wp-content\/uploads\/word-image-86-1024x683.jpeg 1024w, http:\/\/bw-kreativ.de\/wordpress\/wp-content\/uploads\/word-image-86-800x534.jpeg 800w\" sizes=\"auto, (max-width: 1686px) 100vw, 1686px\" \/><\/p>\n<p>Im Obergeschoss befinden sich dann die Schlafzimmer. Eines der Schlafzimmer verf\u00fcgt auch \u00fcber eine eigene Toilette. <br \/><img loading=\"lazy\" decoding=\"async\" width=\"1600\" height=\"1067\" class=\"wp-image-407\" src=\"http:\/\/bw-kreativ.de\/wordpress\/wp-content\/uploads\/word-image-88.jpeg\" srcset=\"http:\/\/bw-kreativ.de\/wordpress\/wp-content\/uploads\/word-image-88.jpeg 1600w, http:\/\/bw-kreativ.de\/wordpress\/wp-content\/uploads\/word-image-88-300x200.jpeg 300w, http:\/\/bw-kreativ.de\/wordpress\/wp-content\/uploads\/word-image-88-768x512.jpeg 768w, http:\/\/bw-kreativ.de\/wordpress\/wp-content\/uploads\/word-image-88-1024x683.jpeg 1024w, http:\/\/bw-kreativ.de\/wordpress\/wp-content\/uploads\/word-image-88-800x534.jpeg 800w\" sizes=\"auto, (max-width: 1600px) 100vw, 1600px\" \/><\/p>\n<p>Hinter den Haus befindet sich ein Garten der auch von den G\u00e4sten mit benutzt werden darf. <br \/><img loading=\"lazy\" decoding=\"async\" width=\"720\" height=\"960\" class=\"wp-image-410\" src=\"http:\/\/bw-kreativ.de\/wordpress\/wp-content\/uploads\/word-image-90.jpeg\" srcset=\"http:\/\/bw-kreativ.de\/wordpress\/wp-content\/uploads\/word-image-90.jpeg 720w, http:\/\/bw-kreativ.de\/wordpress\/wp-content\/uploads\/word-image-90-225x300.jpeg 225w\" sizes=\"auto, (max-width: 720px) 100vw, 720px\" \/><\/p>\n<p>Man sollte nur vorher schauen ob die Laufenten gerade in dem Garten sind, da sie dort ihren Stall f\u00fcr die Nacht haben. Aber bei der Ankunft werdet ihr sicher von Irmgard oder J\u00fcrgen auch noch die entsprechenden Hinweise und Tipps bekommen. Sowieso sind beide, und auch Irmgards Mann, extrem freundlich und hilfsbereit. Man kommt sich schnell vor wie unter Freunden. Aber alles ohne aufdringlich zu sein. Wenn man sie braucht sind sie da, ansonsten ist die Privatsph\u00e4re und Ruhe gew\u00e4hrleistet. Dazu kommt das man bequem einchecken kann, ohne dass jemand da sein muss. Kurz vor der Anreise bekommt der Gast eine Mail mit dem Zugangscode f\u00fcr die Haust\u00fcr. Apropos T\u00fcr, der Vorraum hinter der Haust\u00fcr ist auch noch der perfekte Ort um die Hunde ggf. zu blowern.<\/p>\n<p><strong>Ausflugstipps<\/strong><\/p>\n<p><strong>In der n\u00e4heren Umgebung<\/strong><\/p>\n<p>Da wir, wie erw\u00e4hnt, beruflich da waren k\u00f6nnen wir dazu nicht viel sagen. Aber hier werden Euch die Gastgeber sicher auch gern behilflich sein. Sicher interessant sind zum einen die keltische Viereckschanze in Willmatshofen und die Ringwallanlage am n\u00f6rdlichen Ortsende von Fischach. Und f\u00fcr die kleine Gassirunde empfehlen wir den Entenweiher an der Kirche in Fischach, nur gut 5 Minuten vom Haus entfernt.<\/p>\n<p><strong>Sonstige Ausflugstipps<\/strong><\/p>\n<p>Das ist zum einen nat\u00fcrlich die wundersch\u00f6ne Fuggerstadt Augsburg mit ihrer Altstadt, dem Dom, dem Prachtbrunnen und dem Bismarckturm. Aber auch M\u00fcnchen ist nur ca. 60 Minuten entfernt und das Allg\u00e4u ist auch nicht weiter weg.<\/p>\n<p><strong>Speis und Trank<\/strong><\/p>\n<p>F\u00fcr Selbstversorger ist fast direkt gegen\u00fcber ein Rewe-Markt mit B\u00e4ckerei. Aber auch Lidl und Netto sind direkt in Fischach sowie weitere B\u00e4cker oder Metzgereien. Mein Tipp: Die Marktmetzgerei Roman Hauser mit leckeren warmen Schmankerln und ihrer hausgemachten Extrawurst. Wer sich bekochen lassen m\u00f6chte kann entweder in die Traube gehen oder, wenn es italienisch sein darf, ins Martini. Beide sind bequem zu Fu\u00df erreichbar und im Martini gibt es die Speisen auch zum Mitnehmen.<\/p>\n<p><strong>Anreise<\/strong><\/p>\n<p>Fischach befindet sich 23 km s\u00fcdwestlich von Augsburg. Die Staatsstra\u00dfe 2026 von Gessertshausen im Nordosten und Langenneufnach im S\u00fcdwesten quert die Marktgemeinde. Die Kreisverbindungsstra\u00dfe (A 2) von Fischach in Nord-S\u00fcd-Richtung verkn\u00fcpft den Zentralort Fischach \u00fcber Aretsried mit der B 300. Die BAB A 8 bei Adelsried ist in 15 Min. erreichbar.<\/p>\n<p>\u00dcber\u00f6rtliche Busverbindungen sichern die Anbindung an den Gro\u00dfraum Augsburg in Richtung Gessertshausen \u2013 Augsburg \u00fcber Mickhausen nach Schwabm\u00fcnchen und Bobingen. In nord\u00f6stlich-s\u00fcdwestlicher Richtung durchquert die Bahnlinie Gessertshausen \u2013 Markt Wald (Staudenbahn) entlang der Schmutter und Neufnach das Gebiet der Marktgemeinde. So kann man Fischach also auch ohne Auto erreichen.<\/p>\n<p><strong>Fazit<\/strong><\/p>\n<p>Leider war es keine Urlaubsreise aber wir haben uns dennoch rundum wohl gef\u00fchlt. Das geht sogar soweit das wir, als eher K\u00fcstenfans, beschlossen haben auch mal ein paar Urlaubstage dort zu verbringen. Wir werden also nochmal hinfahren.<\/p>\n","protected":false},"excerpt":{"rendered":"<p>Manchmal f\u00fchrt einen auch die Arbeit an sch\u00f6nen Flecken f\u00fcr Mensch und Tier. So geschehen als ich beruflich f\u00fcr eine Woche nach Augsburg musste und Frau und Hunde mitnehmen wollte. Im Netz stie\u00df ich dann auf ein gem\u00fctlich aussehendes Ferienhaus in Fischach, direkt vor den Toren der Fuggerstadt. Um es vorweg zu nehmen, dieses Haus &hellip; <a href=\"http:\/\/bw-kreativ.de\/wordpress\/fischach-wo-hund-und-mensch-willkommen-sind\/\" class=\"more-link\"><span class=\"screen-reader-text\">Fischach \u2013 Wo Hund und Mensch Willkommen sind<\/span> weiterlesen <span class=\"meta-nav\">&rarr;<\/span><\/a><\/p>\n","protected":false},"author":2,"featured_media":0,"parent":0,"menu_order":0,"comment_status":"closed","ping_status":"closed","template":"","meta":{"footnotes":""},"class_list":["post-397","page","type-page","status-publish","hentry"],"yoast_head":"<!-- This site is optimized with the Yoast SEO plugin v24.6 - https:\/\/yoast.com\/wordpress\/plugins\/seo\/ -->\n<title>Fischach \u2013 Wo Hund und Mensch Willkommen sind - Kurzgebell 2.0<\/title>\n<meta name=\"robots\" content=\"index, follow, max-snippet:-1, max-image-preview:large, max-video-preview:-1\" \/>\n<link rel=\"canonical\" href=\"http:\/\/bw-kreativ.de\/wordpress\/fischach-wo-hund-und-mensch-willkommen-sind\/\" \/>\n<script type=\"application\/ld+json\" class=\"yoast-schema-graph\">{\"@context\":\"https:\/\/schema.org\",\"@graph\":[{\"@type\":\"BreadcrumbList\",\"@id\":\"http:\/\/bw-kreativ.de\/wordpress\/fischach-wo-hund-und-mensch-willkommen-sind\/#breadcrumb\",\"itemListElement\":[{\"@type\":\"ListItem\",\"position\":1,\"name\":\"Startseite\",\"item\":\"http:\/\/bw-kreativ.de\/wordpress\/\"},{\"@type\":\"ListItem\",\"position\":2,\"name\":\"Fischach \u2013 Wo Hund und Mensch Willkommen sind\"}]}]}<\/script>\n<!-- \/ Yoast SEO plugin. -->","yoast_head_json":{"title":"Fischach \u2013 Wo Hund und Mensch Willkommen sind - Kurzgebell 2.0","robots":{"index":"index","follow":"follow","max-snippet":"max-snippet:-1","max-image-preview":"max-image-preview:large","max-video-preview":"max-video-preview:-1"},"canonical":"http:\/\/bw-kreativ.de\/wordpress\/fischach-wo-hund-und-mensch-willkommen-sind\/","schema":{"@context":"https:\/\/schema.org","@graph":[{"@type":"BreadcrumbList","@id":"http:\/\/bw-kreativ.de\/wordpress\/fischach-wo-hund-und-mensch-willkommen-sind\/#breadcrumb","itemListElement":[{"@type":"ListItem","position":1,"name":"Startseite","item":"http:\/\/bw-kreativ.de\/wordpress\/"},{"@type":"ListItem","position":2,"name":"Fischach \u2013 Wo Hund und Mensch Willkommen sind"}]}]}},"_links":{"self":[{"href":"http:\/\/bw-kreativ.de\/wordpress\/wp-json\/wp\/v2\/pages\/397","targetHints":{"allow":["GET"]}}],"collection":[{"href":"http:\/\/bw-kreativ.de\/wordpress\/wp-json\/wp\/v2\/pages"}],"about":[{"href":"http:\/\/bw-kreativ.de\/wordpress\/wp-json\/wp\/v2\/types\/page"}],"author":[{"embeddable":true,"href":"http:\/\/bw-kreativ.de\/wordpress\/wp-json\/wp\/v2\/users\/2"}],"replies":[{"embeddable":true,"href":"http:\/\/bw-kreativ.de\/wordpress\/wp-json\/wp\/v2\/comments?post=397"}],"version-history":[{"count":4,"href":"http:\/\/bw-kreativ.de\/wordpress\/wp-json\/wp\/v2\/pages\/397\/revisions"}],"predecessor-version":[{"id":417,"href":"http:\/\/bw-kreativ.de\/wordpress\/wp-json\/wp\/v2\/pages\/397\/revisions\/417"}],"wp:attachment":[{"href":"http:\/\/bw-kreativ.de\/wordpress\/wp-json\/wp\/v2\/media?parent=397"}],"curies":[{"name":"wp","href":"https:\/\/api.w.org\/{rel}","templated":true}]}}