{"id":439,"date":"2019-10-01T18:46:19","date_gmt":"2019-10-01T17:46:19","guid":{"rendered":"http:\/\/bw-kreativ.de\/wordpress\/?page_id=439"},"modified":"2019-10-01T19:52:24","modified_gmt":"2019-10-01T18:52:24","slug":"flanna-und-der-woll-troll-es-beginnt-von-vorne","status":"publish","type":"page","link":"http:\/\/bw-kreativ.de\/wordpress\/flanna-und-der-woll-troll-es-beginnt-von-vorne\/","title":{"rendered":"Flanna und der Woll-Troll!  Es beginnt von vorne!"},"content":{"rendered":"<p><img loading=\"lazy\" decoding=\"async\" width=\"730\" height=\"487\" class=\"wp-image-440\" src=\"http:\/\/bw-kreativ.de\/wordpress\/wp-content\/uploads\/word-image-95.jpeg\" srcset=\"http:\/\/bw-kreativ.de\/wordpress\/wp-content\/uploads\/word-image-95.jpeg 730w, http:\/\/bw-kreativ.de\/wordpress\/wp-content\/uploads\/word-image-95-300x200.jpeg 300w\" sizes=\"auto, (max-width: 730px) 100vw, 730px\" \/> <span style=\"color: #993300;\">So Abby nun wollen wir mal unsere Freunde begr\u00fc\u00dfen!! <\/span><\/p>\n<p><span style=\"color: #ad0ead;\">Oh ja mach ich doch gerne!!! <\/span><span style=\"color: #ad0ead;\">Hallllll\u00f6\u00f6\u00f6\u00f6chen meine Fans!!!<\/span><\/p>\n<p><span style=\"color: #993300;\">Deine Fans??\u00a0 Na, schon wieder Gr\u00f6\u00dfenwahn!!<\/span><\/p>\n<p><span style=\"color: #993300;\">Erstmal hallo liebe Freunde!! <\/span><br \/><span style=\"color: #993300;\">Ich bin\u2019s mal wieder, die Flanna, und der vorlaute Zwerg ist Abby vom Kirschgrund oder einfach Woll-Troll genannt! Fr\u00fcher hatte ich ja Rike an meiner Seite, aber die mussten wir im Sommer leider \u00fcber die RBB gehen lassen *seufz*<\/span><\/p>\n<p><span style=\"color: #ad0ead;\">Flanna, wer war Rike? Ihr redet immer von ihr und dabei seid ihr alle ganz traurig!<\/span><\/p>\n<p><span style=\"color: #993300;\">Ach, das hast du gemerkt! Da bin ich aber erstaunt!!<\/span><\/p>\n<p><span style=\"color: #ad0ead;\">Warum denn nicht Flanna, ich merke das schon, aber lasse es mir einfach nicht anmerken !!\u00a0 Also wer war Rike, erz\u00e4hl schon ?? <\/span><\/p>\n<p><span style=\"color: #993300;\">Lustig, dieselbe Frage nur mit anderem Hund habe ich vor 8 Jahren der Rike gestellt! Da war ich so klein wie Du!<\/span><\/p>\n<p><span style=\"color: #ad0ead;\">ICH BIN NICHT KLEIN!!! Nur etwas keiner noch als Du Flanna! NOCH!!!<\/span><\/p>\n<p><span style=\"color: #993300;\">Jaja, ist ja gut!! Also Rike war meine beste Freundin, Spielkameradin, Sicherheitsleine und sie war unheimlich schlau!! <\/span><br \/><img loading=\"lazy\" decoding=\"async\" width=\"822\" height=\"549\" class=\"wp-image-441\" src=\"http:\/\/bw-kreativ.de\/wordpress\/wp-content\/uploads\/word-image-96.jpeg\" srcset=\"http:\/\/bw-kreativ.de\/wordpress\/wp-content\/uploads\/word-image-96.jpeg 822w, http:\/\/bw-kreativ.de\/wordpress\/wp-content\/uploads\/word-image-96-300x200.jpeg 300w, http:\/\/bw-kreativ.de\/wordpress\/wp-content\/uploads\/word-image-96-768x513.jpeg 768w, http:\/\/bw-kreativ.de\/wordpress\/wp-content\/uploads\/word-image-96-800x534.jpeg 800w\" sizes=\"auto, (max-width: 822px) 100vw, 822px\" \/> <span style=\"color: #993300;\">Sie wusste einfach alles. Sagte ich es schon? Sie war echt schlau!<br \/>Aber sie hatte eine Macke, sie wollte nie andere Spielzeuge als ihren rosa Ball!\u00a0 Zerrspiele wie mit Dir konnte man mit ihr nicht spielen! Aber man konnte mit ihr ganz toll St\u00f6cke schreddern!<\/span><\/p>\n<p><span style=\"color: #ad0ead;\">Das lerne ich sicher auch noch Flanna, wenn mich Frauchen mal l\u00e4sst! <\/span><\/p>\n<p><span style=\"color: #993300;\">*lacht* Ja wenn du lernst, dass nicht alles in deinen Magen wandern soll, was hei\u00dft, St\u00f6cke werden geschreddert und nicht gefressen, das ist ein Unterschied Abby!\u00a0 Wenn ich es mir recht \u00fcberlege, dann war sicher sie es die uns Dich geschickt hat. Du bist genauso frech, ungest\u00fcm und ruhelos wie sie! Die grinst sich sicher einen ab, wenn sie uns beobachtet!<\/span><\/p>\n<p><span style=\"color: #ad0ead;\">Mich geschickt??? Mich hat niemand geschickt!! Ihr habt mich einfach mitgenommen!! <\/span><br \/><span style=\"color: #ad0ead;\">Tja und jetzt m\u00fcsst ihr mich behalten!! *kichert*<\/span><img loading=\"lazy\" decoding=\"async\" width=\"936\" height=\"624\" class=\"wp-image-442\" src=\"http:\/\/bw-kreativ.de\/wordpress\/wp-content\/uploads\/word-image-97.jpeg\" srcset=\"http:\/\/bw-kreativ.de\/wordpress\/wp-content\/uploads\/word-image-97.jpeg 936w, http:\/\/bw-kreativ.de\/wordpress\/wp-content\/uploads\/word-image-97-300x200.jpeg 300w, http:\/\/bw-kreativ.de\/wordpress\/wp-content\/uploads\/word-image-97-768x512.jpeg 768w, http:\/\/bw-kreativ.de\/wordpress\/wp-content\/uploads\/word-image-97-800x533.jpeg 800w\" sizes=\"auto, (max-width: 936px) 100vw, 936px\" \/><\/p>\n<p><span style=\"color: #993300;\">Oh ja! In den \u00fcber 4 Wochen, die du da bist ist meine Schafherde auf null geschrumpft und ich habe 3 Schrammen abbekommen!!<\/span><\/p>\n<p><span style=\"color: #ad0ead;\">Wie deine Schafherde?? Diese weichen Teile waren in meiner Spielzeugkiste und du hast kr\u00e4ftig mitgezogen!!<\/span><\/p>\n<p><span style=\"color: #993300;\">Deine Kiste??? Das war bisher meine und nun ist es unsere! <\/span><\/p>\n<p><span style=\"color: #ad0ead;\">No!! Jetzt ist es meine!!! <\/span><\/p>\n<p><span style=\"color: #993300;\">Das ist auch etwas was du noch lernen musst, das Teilen!!! <\/span><\/p>\n<p><span style=\"color: #ad0ead;\">Teilen???<\/span><\/p>\n<p><span style=\"color: #993300;\">Ja teilen! Was deins ist, ist auch meins und umgedreht!!!<\/span><\/p>\n<p><span style=\"color: #ad0ead;\">No!! Was meins ist, ist meins!!! Sonnst komm ich ja nie zu was!! Und f\u00fcr die Schrammen kann ich auch nichts, wir haben etwas gerauft und da ist das halt passiert, mit Verlust oder *kicher* Schrammen muss man rechnen!!!<\/span><\/p>\n<p><span style=\"color: #993300;\">Ja, und nun bekommst du immer Schimpfe wenn du mich mal wieder mit einem Pl\u00fcschi verwechselst! *lacht* Aber wie sagtest du Abby, mit Verlust muss man rechnen!! *lacht lauter*<\/span><\/p>\n<p><span style=\"color: #ad0ead;\">Nun, mag ich nicht mehr! Ich sehe gerade Herrchens Schlappen der l\u00e4dt mich ein auf ihm herum zu kauen!! <\/span><\/p>\n<p><span style=\"color: #993300;\">\u00c4h, Abby wie war das noch mit den Schuhen? Schuhe kauen = Schimpfe!!<\/span><img loading=\"lazy\" decoding=\"async\" width=\"747\" height=\"498\" class=\"wp-image-443\" src=\"http:\/\/bw-kreativ.de\/wordpress\/wp-content\/uploads\/word-image-98.jpeg\" srcset=\"http:\/\/bw-kreativ.de\/wordpress\/wp-content\/uploads\/word-image-98.jpeg 747w, http:\/\/bw-kreativ.de\/wordpress\/wp-content\/uploads\/word-image-98-300x200.jpeg 300w\" sizes=\"auto, (max-width: 747px) 100vw, 747px\" \/> <span style=\"color: #ad0ead;\">Ich kann ja auch deinen Schwanz nehmen Flanna, der ist auch klasse, fusselt nur etwas!!<\/span><\/p>\n<p><span style=\"color: #993300;\">NIMM DEN SCHUH ABBY!!!!\u00a0 Etwas nervig ist der Woll-Troll ja schon, aber nachdem Rike nicht mehr war, bin ich so traurig gewesen! Alles alleine zu machen, ohne ihren Rat und ihre Hilfe, war echt schwer!! Nun muss ich in ihre Fu\u00dfstapfen treten und dem Woll-Troll das sein was sie f\u00fcr mich war! *seufzt* Ob ich das schaffe?<\/span><\/p>\n<p><span style=\"color: #993300;\">Ich bin doch ganz anders als Rike, wahrscheinlich auch viel zu lieb und zu nachsichtig mit Abby! Gut, dass Frauchen mir da hilft!! Auf mein Frauchen kann ich mich verlassen! Sie nennt mich jetzt \u201eMeine Gro\u00dfe\u201c, das klingt gut ! *l\u00e4chelt* <\/span><\/p>\n<p><span style=\"color: #993300;\">Wie es mit uns weitergeht, k\u00f6nnt ihr hier immer mal wieder lesen, wir kommen jetzt wieder \u00f6fters mit einem Kurzgebell !!<\/span><img loading=\"lazy\" decoding=\"async\" width=\"1385\" height=\"924\" class=\"wp-image-444\" src=\"http:\/\/bw-kreativ.de\/wordpress\/wp-content\/uploads\/word-image-99.jpeg\" srcset=\"http:\/\/bw-kreativ.de\/wordpress\/wp-content\/uploads\/word-image-99.jpeg 1385w, http:\/\/bw-kreativ.de\/wordpress\/wp-content\/uploads\/word-image-99-300x200.jpeg 300w, http:\/\/bw-kreativ.de\/wordpress\/wp-content\/uploads\/word-image-99-768x512.jpeg 768w, http:\/\/bw-kreativ.de\/wordpress\/wp-content\/uploads\/word-image-99-1024x683.jpeg 1024w, http:\/\/bw-kreativ.de\/wordpress\/wp-content\/uploads\/word-image-99-800x534.jpeg 800w\" sizes=\"auto, (max-width: 1385px) 100vw, 1385px\" \/><span style=\"color: #993300;\">So nun kann ich nur noch eines, mich bis zum n\u00e4chsten Mal verabschieden!<\/span><\/p>\n<p><span style=\"color: #993300;\">Tsch\u00fcssikofski Eure Flanna Neufundi mit dem<\/span> <span style=\"color: #ad0ead;\">Woll-Troll Abby<\/span><\/p>\n<p>Wir sind nat\u00fcrlich gespannt was Ihr von diesem Neuanfang haltet. Daher freuen wir uns \u00fcber Eure Kommentare hier unter der Geschichte.<\/p>\n<p><span style=\"color: #993300;\">Flanna Neufundi,<\/span>\u00a0<span style=\"color: #ad0ead;\">Woll-Troll Abby<span style=\"color: #000000;\"> und die Schreibkraft<\/span><\/span><\/p>\n\n\n<p><\/p>\n","protected":false},"excerpt":{"rendered":"<p>So Abby nun wollen wir mal unsere Freunde begr\u00fc\u00dfen!! Oh ja mach ich doch gerne!!! Hallllll\u00f6\u00f6\u00f6\u00f6chen meine Fans!!! Deine Fans??\u00a0 Na, schon wieder Gr\u00f6\u00dfenwahn!! Erstmal hallo liebe Freunde!! Ich bin\u2019s mal wieder, die Flanna, und der vorlaute Zwerg ist Abby vom Kirschgrund oder einfach Woll-Troll genannt! Fr\u00fcher hatte ich ja Rike an meiner Seite, aber &hellip; <a href=\"http:\/\/bw-kreativ.de\/wordpress\/flanna-und-der-woll-troll-es-beginnt-von-vorne\/\" class=\"more-link\"><span class=\"screen-reader-text\">Flanna und der Woll-Troll!  Es beginnt von vorne!<\/span> weiterlesen <span class=\"meta-nav\">&rarr;<\/span><\/a><\/p>\n","protected":false},"author":2,"featured_media":443,"parent":0,"menu_order":0,"comment_status":"open","ping_status":"closed","template":"","meta":{"footnotes":""},"class_list":["post-439","page","type-page","status-publish","has-post-thumbnail","hentry"],"yoast_head":"<!-- This site is optimized with the Yoast SEO plugin v24.6 - https:\/\/yoast.com\/wordpress\/plugins\/seo\/ -->\n<title>Flanna und der Woll-Troll! Es beginnt von vorne! - Kurzgebell 2.0<\/title>\n<meta name=\"robots\" content=\"index, follow, max-snippet:-1, max-image-preview:large, max-video-preview:-1\" \/>\n<link rel=\"canonical\" href=\"http:\/\/bw-kreativ.de\/wordpress\/flanna-und-der-woll-troll-es-beginnt-von-vorne\/\" \/>\n<script type=\"application\/ld+json\" class=\"yoast-schema-graph\">{\"@context\":\"https:\/\/schema.org\",\"@graph\":[{\"@type\":\"BreadcrumbList\",\"@id\":\"http:\/\/bw-kreativ.de\/wordpress\/flanna-und-der-woll-troll-es-beginnt-von-vorne\/#breadcrumb\",\"itemListElement\":[{\"@type\":\"ListItem\",\"position\":1,\"name\":\"Startseite\",\"item\":\"http:\/\/bw-kreativ.de\/wordpress\/\"},{\"@type\":\"ListItem\",\"position\":2,\"name\":\"Flanna und der Woll-Troll! Es beginnt von vorne!\"}]}]}<\/script>\n<!-- \/ Yoast SEO plugin. -->","yoast_head_json":{"title":"Flanna und der Woll-Troll! Es beginnt von vorne! - Kurzgebell 2.0","robots":{"index":"index","follow":"follow","max-snippet":"max-snippet:-1","max-image-preview":"max-image-preview:large","max-video-preview":"max-video-preview:-1"},"canonical":"http:\/\/bw-kreativ.de\/wordpress\/flanna-und-der-woll-troll-es-beginnt-von-vorne\/","schema":{"@context":"https:\/\/schema.org","@graph":[{"@type":"BreadcrumbList","@id":"http:\/\/bw-kreativ.de\/wordpress\/flanna-und-der-woll-troll-es-beginnt-von-vorne\/#breadcrumb","itemListElement":[{"@type":"ListItem","position":1,"name":"Startseite","item":"http:\/\/bw-kreativ.de\/wordpress\/"},{"@type":"ListItem","position":2,"name":"Flanna und der Woll-Troll! Es beginnt von vorne!"}]}]}},"_links":{"self":[{"href":"http:\/\/bw-kreativ.de\/wordpress\/wp-json\/wp\/v2\/pages\/439","targetHints":{"allow":["GET"]}}],"collection":[{"href":"http:\/\/bw-kreativ.de\/wordpress\/wp-json\/wp\/v2\/pages"}],"about":[{"href":"http:\/\/bw-kreativ.de\/wordpress\/wp-json\/wp\/v2\/types\/page"}],"author":[{"embeddable":true,"href":"http:\/\/bw-kreativ.de\/wordpress\/wp-json\/wp\/v2\/users\/2"}],"replies":[{"embeddable":true,"href":"http:\/\/bw-kreativ.de\/wordpress\/wp-json\/wp\/v2\/comments?post=439"}],"version-history":[{"count":7,"href":"http:\/\/bw-kreativ.de\/wordpress\/wp-json\/wp\/v2\/pages\/439\/revisions"}],"predecessor-version":[{"id":457,"href":"http:\/\/bw-kreativ.de\/wordpress\/wp-json\/wp\/v2\/pages\/439\/revisions\/457"}],"wp:featuredmedia":[{"embeddable":true,"href":"http:\/\/bw-kreativ.de\/wordpress\/wp-json\/wp\/v2\/media\/443"}],"wp:attachment":[{"href":"http:\/\/bw-kreativ.de\/wordpress\/wp-json\/wp\/v2\/media?parent=439"}],"curies":[{"name":"wp","href":"https:\/\/api.w.org\/{rel}","templated":true}]}}